{"id":7485,"date":"2026-04-01T08:01:28","date_gmt":"2026-04-01T08:01:28","guid":{"rendered":"https:\/\/chullo.pl\/?post_type=product&#038;p=7485"},"modified":"2026-04-01T08:16:45","modified_gmt":"2026-04-01T08:16:45","slug":"rosario-chocolate-szal-z-kapturem-kopia","status":"publish","type":"product","link":"https:\/\/chullo.pl\/en\/product\/rosario-chocolate-szal-z-kapturem-kopia\/","title":{"rendered":"SOPHIE SCARF"},"content":{"rendered":"<h4>SPECYFIKACJA<\/h4>\n<p><strong>Sk\u0142ad: 50<\/strong>% Alpaka, 50% Merino<br \/>\n<strong>Spos\u00f3b prania:<\/strong> Pranie r\u0119czne, maksymalnie w 30%. Nie susz w suszarce \u2013 susz tylko na p\u0142asko roz\u0142o\u017cone na r\u0119czniku, do samoistnego wyschni\u0119cia.<\/p>\n<p>Je\u017celi interesuje Ci\u0119 szal w innym kolorze napisz do nas, a wykonamy go w wybranym kolorze specjalnie dla Ciebie.<\/p>\n<p>CZAS REALIZACJI ZAM\u00d3WIENIA: 5-10 DNI (je\u017celi zale\u017cy Ci na szybszej realizacji napisz do nas, zrobimy co w naszej mocy)<\/p>\n","protected":false},"excerpt":{"rendered":"<p>Apaszka wykonana r\u0119cznie na drutach. Mo\u017ce s\u0142u\u017cy\u0107 jako\u00a0 ozdoba\u00a0 do t-shirtu w casualowej\u00a0 stylizacji\u00a0 albo elegancki dodatek do marynarki.<\/p>\n<p>W ch\u0142odniejsze wieczory idealnie spe\u0142ni\u00a0 funkcj\u0119 ma\u0142ego szalika, kt\u00f3ry ogrzeje was i uchroni przed wiatrem.<\/p>\n<p>Mo\u017cna j\u0105 wi\u0105za\u0107 na kilka sposob\u00f3w.<\/p>\n<p>Idealne rozwi\u0105zanie dla os\u00f3b ceni\u0105cych sobie\u00a0 wygod\u0119 z klasyk\u0105 i elegancj\u0105.<\/p>\n<p>Elegancka, stylowa i niezobowi\u0105zuj\u0105ca.<\/p>\n<p>&nbsp;<\/p>\n","protected":false},"featured_media":7505,"template":"","meta":[],"product_cat":[173,170],"product_tag":[],"_links":{"self":[{"href":"https:\/\/chullo.pl\/en\/wp-json\/wp\/v3\/product\/7485"}],"collection":[{"href":"https:\/\/chullo.pl\/en\/wp-json\/wp\/v3\/product"}],"about":[{"href":"https:\/\/chullo.pl\/en\/wp-json\/wp\/v2\/types\/product"}],"version-history":[{"count":3,"href":"https:\/\/chullo.pl\/en\/wp-json\/wp\/v3\/product\/7485\/revisions"}],"predecessor-version":[{"id":7524,"href":"https:\/\/chullo.pl\/en\/wp-json\/wp\/v3\/product\/7485\/revisions\/7524"}],"wp:featuredmedia":[{"embeddable":true,"href":"https:\/\/chullo.pl\/en\/wp-json\/wp\/v2\/media\/7505"}],"wp:attachment":[{"href":"https:\/\/chullo.pl\/en\/wp-json\/wp\/v2\/media?parent=7485"}],"wp:term":[{"taxonomy":"product_cat","embeddable":true,"href":"https:\/\/chullo.pl\/en\/wp-json\/wp\/v2\/product_cat?post=7485"},{"taxonomy":"product_tag","embeddable":true,"href":"https:\/\/chullo.pl\/en\/wp-json\/wp\/v2\/product_tag?post=7485"}],"curies":[{"name":"wp","href":"https:\/\/api.w.org\/{rel}","templated":true}]}}