{"id":7308,"date":"2026-02-24T09:07:58","date_gmt":"2026-02-24T09:07:58","guid":{"rendered":"https:\/\/chullo.pl\/?post_type=product&#038;p=7308"},"modified":"2026-02-24T09:16:34","modified_gmt":"2026-02-24T09:16:34","slug":"sweter-klara-negro","status":"publish","type":"product","link":"https:\/\/chullo.pl\/en\/product\/sweter-klara-negro\/","title":{"rendered":"Sweter KLARA negro"},"content":{"rendered":"<h4>SPECYFIKACJA<\/h4>\n<p><strong>Sk\u0142ad:<\/strong> moher 75% + jedwab 25 %<br \/>\n<strong>Spos\u00f3b prania:<\/strong> tylko pranie r\u0119cznie, maksymalnie w 30%. Nie susz w suszarce \u2013 suszenie tylko na p\u0142asko ( na r\u0119czniku). Po wyschni\u0119ciu zalecamy delikatne odparowanie \u017celazkiem lub parownic\u0105 z niewielkiej odleg\u0142o\u015bci.<\/p>\n<p><strong>Wymiary: <\/strong>rozmiar uniwersalny S,M,L,XL &#8211; napisz do nas !<\/p>\n<p>Kolor na zdj\u0119ciach mo\u017ce si\u0119 r\u00f3\u017cni\u0107 w zale\u017cno\u015bci od rodzaju ekranu i monitora.<\/p>\n<h5>W PRZYPADKU BRAKU PRODUKTU NA STANIE &#8211; CZAS REALIZACJI ZAM\u00d3WIENIA: 10-21 DNI<\/h5>\n","protected":false},"excerpt":{"rendered":"<p>Sweter wykonany r\u0119cznie\u00a0 na drutach, z najlepszej jako\u015bci certyfikowanej w\u0142\u00f3czki: moher + jedwab.<\/p>\n<p>Lekki, a\u017curowy sweter wk\u0142adany przez g\u0142ow\u0119, dekolt w kszta\u0142cie \u0142\u00f3dki.<\/p>\n<p>R\u0119kawy i d\u00f3\u0142 swetra wyko\u0144czone klasycznym \u015bci\u0105gaczem.\u00a0 Prosty , klasyczny kr\u00f3j, delikatne r\u0119kawy.<\/p>\n<p>Pasuje idealnie zar\u00f3wno do sukienek jak i do spodni.<\/p>\n<p>Ca\u0142oroczny model, kt\u00f3ry wykorzystasz zar\u00f3wno w letnie wieczory jak i zimowe dni.<\/p>\n<p>Produkt wykonujemy r\u0119cznie specjalnie na Twoje zam\u00f3wienie. Dzi\u0119ki temu masz mo\u017cliwo\u015b\u0107 personalizacji produktu- w zale\u017cno\u015bci od preferencji co do koloru i rozmiaru.<\/p>\n<p>Je\u017celi jeste\u015b zainteresowany\/na zmianami w produkcie napisz do nas \ud83d\ude09 Ch\u0119tnie pomo\u017cemy i postaramy si\u0119 w pe\u0142ni sprosta\u0107 Twoim oczekiwaniom.<\/p>\n","protected":false},"featured_media":7257,"template":"","meta":[],"product_cat":[154,172,153,116,120,152],"product_tag":[],"_links":{"self":[{"href":"https:\/\/chullo.pl\/en\/wp-json\/wp\/v3\/product\/7308"}],"collection":[{"href":"https:\/\/chullo.pl\/en\/wp-json\/wp\/v3\/product"}],"about":[{"href":"https:\/\/chullo.pl\/en\/wp-json\/wp\/v2\/types\/product"}],"version-history":[{"count":1,"href":"https:\/\/chullo.pl\/en\/wp-json\/wp\/v3\/product\/7308\/revisions"}],"predecessor-version":[{"id":7309,"href":"https:\/\/chullo.pl\/en\/wp-json\/wp\/v3\/product\/7308\/revisions\/7309"}],"wp:featuredmedia":[{"embeddable":true,"href":"https:\/\/chullo.pl\/en\/wp-json\/wp\/v2\/media\/7257"}],"wp:attachment":[{"href":"https:\/\/chullo.pl\/en\/wp-json\/wp\/v2\/media?parent=7308"}],"wp:term":[{"taxonomy":"product_cat","embeddable":true,"href":"https:\/\/chullo.pl\/en\/wp-json\/wp\/v2\/product_cat?post=7308"},{"taxonomy":"product_tag","embeddable":true,"href":"https:\/\/chullo.pl\/en\/wp-json\/wp\/v2\/product_tag?post=7308"}],"curies":[{"name":"wp","href":"https:\/\/api.w.org\/{rel}","templated":true}]}}