{"id":6966,"date":"2025-12-29T11:17:50","date_gmt":"2025-12-29T11:17:50","guid":{"rendered":"https:\/\/chullo.pl\/?post_type=product&#038;p=6966"},"modified":"2026-02-24T08:20:11","modified_gmt":"2026-02-24T08:20:11","slug":"balaclava-2","status":"publish","type":"product","link":"https:\/\/chullo.pl\/en\/product\/balaclava-2\/","title":{"rendered":"BALACLAVA"},"content":{"rendered":"<h4>SPECYFIKACJA<\/h4>\n<p><strong>Sk\u0142ad: 50<\/strong>% Alpaka, 50% Merino<br \/>\n<strong>Spos\u00f3b prania:<\/strong> Pranie r\u0119czne, maksymalnie w 30%. Nie susz w suszarce \u2013 susz tylko na p\u0142asko roz\u0142o\u017cone na r\u0119czniku, do samoistnego wyschni\u0119cia.<\/p>\n<p>Wybierz kolor w\u0142\u00f3czki oraz rozmiar a wykonamy balaclave specjalnie dla Ciebie.<\/p>\n<p>CZAS REALIZACJI ZAM\u00d3WIENIA: 5-10 DNI (je\u017celi zale\u017cy Ci na szybszej realizacji napisz do nas, zrobimy co w naszej mocy)<\/p>\n","protected":false},"excerpt":{"rendered":"<p>Puszysta, ciep\u0142a balaclava wykonywana r\u0119cznie na drutach, na Twoje indywidualne zam\u00f3wienie. Zrobiona z naturalnej we\u0142ny, kt\u00f3ra jest niezwykle delikatna i trwa\u0142a, a przy tym wspaniale grzeje.<\/p>\n<p>Mo\u017cliwo\u015b\u0107 \u015bci\u0105gni\u0119cia\u00a0 z przodu\u00a0 troczkami.<\/p>\n<p>PROMOCJA OBOWI\u0104ZUJE NA MODEL W KOLORZE BR\u0104ZOWYM DOST\u0118PNY OD R\u0118KI ( OSTATNIE ZDJ\u0118CIE)<\/p>\n","protected":false},"featured_media":6457,"template":"","meta":[],"product_cat":[169,173],"product_tag":[],"_links":{"self":[{"href":"https:\/\/chullo.pl\/en\/wp-json\/wp\/v3\/product\/6966"}],"collection":[{"href":"https:\/\/chullo.pl\/en\/wp-json\/wp\/v3\/product"}],"about":[{"href":"https:\/\/chullo.pl\/en\/wp-json\/wp\/v2\/types\/product"}],"version-history":[{"count":4,"href":"https:\/\/chullo.pl\/en\/wp-json\/wp\/v3\/product\/6966\/revisions"}],"predecessor-version":[{"id":7286,"href":"https:\/\/chullo.pl\/en\/wp-json\/wp\/v3\/product\/6966\/revisions\/7286"}],"wp:featuredmedia":[{"embeddable":true,"href":"https:\/\/chullo.pl\/en\/wp-json\/wp\/v2\/media\/6457"}],"wp:attachment":[{"href":"https:\/\/chullo.pl\/en\/wp-json\/wp\/v2\/media?parent=6966"}],"wp:term":[{"taxonomy":"product_cat","embeddable":true,"href":"https:\/\/chullo.pl\/en\/wp-json\/wp\/v2\/product_cat?post=6966"},{"taxonomy":"product_tag","embeddable":true,"href":"https:\/\/chullo.pl\/en\/wp-json\/wp\/v2\/product_tag?post=6966"}],"curies":[{"name":"wp","href":"https:\/\/api.w.org\/{rel}","templated":true}]}}