{"id":6756,"date":"2025-09-17T08:44:04","date_gmt":"2025-09-17T08:44:04","guid":{"rendered":"https:\/\/chullo.pl\/?post_type=product&#038;p=6756"},"modified":"2025-11-16T10:08:22","modified_gmt":"2025-11-16T10:08:22","slug":"szal-zoe","status":"publish","type":"product","link":"https:\/\/chullo.pl\/en\/product\/szal-zoe\/","title":{"rendered":"Szal ZOE"},"content":{"rendered":"<h4>SPECYFIKACJA<\/h4>\n<p><strong>Sk\u0142ad: 75 % Alpaka, 25 % Merino wool<\/strong><br \/>\n<strong>Spos\u00f3b prania:<\/strong> Pranie r\u0119czne, maksymalnie w 30%. Nie susz w suszarce \u2013 susz tylko na p\u0142asko roz\u0142o\u017cone na r\u0119czniku, do samoistnego wyschni\u0119cia.<\/p>\n<p>CZAS REALIZACJI ZAM\u00d3WIENIA: 7-10 DNI (je\u017celi zale\u017cy Ci na szybszej realizacji napisz do nas, zrobimy co w naszej mocy)<\/p>\n","protected":false},"excerpt":{"rendered":"<p>Gruby, ciep\u0142y szal wykonywana r\u0119cznie na drutach, na Twoje indywidualne zam\u00f3wienie. Zrobiony z naturalnej we\u0142ny, kt\u00f3ra jest niezwykle delikatna i trwa\u0142a, a przy tym wspaniale grzeje.<br \/>\nWymiary:<\/p>\n<p>d\u0142ugo\u015b\u0107\u00a0 180 cm<\/p>\n<p>szeroko\u015b\u0107 80 cm<\/p>\n<p>&nbsp;<\/p>\n","protected":false},"featured_media":6737,"template":"","meta":[],"product_cat":[173,170],"product_tag":[],"_links":{"self":[{"href":"https:\/\/chullo.pl\/en\/wp-json\/wp\/v3\/product\/6756"}],"collection":[{"href":"https:\/\/chullo.pl\/en\/wp-json\/wp\/v3\/product"}],"about":[{"href":"https:\/\/chullo.pl\/en\/wp-json\/wp\/v2\/types\/product"}],"version-history":[{"count":1,"href":"https:\/\/chullo.pl\/en\/wp-json\/wp\/v3\/product\/6756\/revisions"}],"predecessor-version":[{"id":6760,"href":"https:\/\/chullo.pl\/en\/wp-json\/wp\/v3\/product\/6756\/revisions\/6760"}],"wp:featuredmedia":[{"embeddable":true,"href":"https:\/\/chullo.pl\/en\/wp-json\/wp\/v2\/media\/6737"}],"wp:attachment":[{"href":"https:\/\/chullo.pl\/en\/wp-json\/wp\/v2\/media?parent=6756"}],"wp:term":[{"taxonomy":"product_cat","embeddable":true,"href":"https:\/\/chullo.pl\/en\/wp-json\/wp\/v2\/product_cat?post=6756"},{"taxonomy":"product_tag","embeddable":true,"href":"https:\/\/chullo.pl\/en\/wp-json\/wp\/v2\/product_tag?post=6756"}],"curies":[{"name":"wp","href":"https:\/\/api.w.org\/{rel}","templated":true}]}}