{"id":6617,"date":"2025-07-14T09:52:08","date_gmt":"2025-07-14T09:52:08","guid":{"rendered":"https:\/\/chullo.pl\/?post_type=product&#038;p=6617"},"modified":"2025-11-16T10:14:27","modified_gmt":"2025-11-16T10:14:27","slug":"top-boho","status":"publish","type":"product","link":"https:\/\/chullo.pl\/en\/product\/top-boho\/","title":{"rendered":"Top BOHO"},"content":{"rendered":"<h4>SPECYFIKACJA<\/h4>\n<p><strong>Sk\u0142ad: 100 %\u00a0 BAWE\u0141NA<\/strong><br \/>\n<strong>Spos\u00f3b prania:<\/strong> pranie r\u0119czne.<\/p>\n<p>Nie susz w suszarce \u2013 suszenie tylko na p\u0142asko lub na wieszaku.<\/p>\n<p>Kolor bluzki na zdj\u0119ciach mo\u017ce si\u0119 r\u00f3\u017cni\u0107 w zale\u017cno\u015bci od rodzaju ekranu i monitora.<\/p>\n<h5>W PRZYPADKU BRAKU PRODUKTU NA STANIE &#8211; CZAS REALIZACJI ZAM\u00d3WIENIA:\u00a0 7-21<strong>\u00a0DNI<\/strong><\/h5>\n<p>&nbsp;<\/p>\n","protected":false},"excerpt":{"rendered":"<p>Bawe\u0142niany top na cienkich rami\u0105czkach, wyko\u0144czony\u00a0 fr\u0119dzlami.<\/p>\n<p>Top w ca\u0142o\u015bci wykonany na szyde\u0142ku.<\/p>\n<p>&nbsp;<\/p>\n<p>&nbsp;<\/p>\n<p>&nbsp;<\/p>\n","protected":false},"featured_media":6583,"template":"","meta":[],"product_cat":[171,172,159],"product_tag":[],"_links":{"self":[{"href":"https:\/\/chullo.pl\/en\/wp-json\/wp\/v3\/product\/6617"}],"collection":[{"href":"https:\/\/chullo.pl\/en\/wp-json\/wp\/v3\/product"}],"about":[{"href":"https:\/\/chullo.pl\/en\/wp-json\/wp\/v2\/types\/product"}],"version-history":[{"count":3,"href":"https:\/\/chullo.pl\/en\/wp-json\/wp\/v3\/product\/6617\/revisions"}],"predecessor-version":[{"id":6620,"href":"https:\/\/chullo.pl\/en\/wp-json\/wp\/v3\/product\/6617\/revisions\/6620"}],"wp:featuredmedia":[{"embeddable":true,"href":"https:\/\/chullo.pl\/en\/wp-json\/wp\/v2\/media\/6583"}],"wp:attachment":[{"href":"https:\/\/chullo.pl\/en\/wp-json\/wp\/v2\/media?parent=6617"}],"wp:term":[{"taxonomy":"product_cat","embeddable":true,"href":"https:\/\/chullo.pl\/en\/wp-json\/wp\/v2\/product_cat?post=6617"},{"taxonomy":"product_tag","embeddable":true,"href":"https:\/\/chullo.pl\/en\/wp-json\/wp\/v2\/product_tag?post=6617"}],"curies":[{"name":"wp","href":"https:\/\/api.w.org\/{rel}","templated":true}]}}