{"id":6569,"date":"2025-07-14T09:23:47","date_gmt":"2025-07-14T09:23:47","guid":{"rendered":"https:\/\/chullo.pl\/?post_type=product&#038;p=6569"},"modified":"2025-11-16T10:14:42","modified_gmt":"2025-11-16T10:14:42","slug":"top-bubble","status":"publish","type":"product","link":"https:\/\/chullo.pl\/en\/product\/top-bubble\/","title":{"rendered":"Top BUBBLE"},"content":{"rendered":"<h4>SPECYFIKACJA<\/h4>\n<p><strong>Sk\u0142ad: bawe\u0142na z jedwabiem<\/strong><br \/>\n<strong>Spos\u00f3b prania:<\/strong> pranie r\u0119czne lub delikatne w pralce, maksymalnie w 30%. Nie susz w suszarce \u2013 suszenie tylko na p\u0142asko lub na wieszaku.<\/p>\n<p>Kolor bluzki na zdj\u0119ciach mo\u017ce si\u0119 r\u00f3\u017cni\u0107 w zale\u017cno\u015bci od rodzaju ekranu i monitora.<\/p>\n<h5>W PRZYPADKU BRAKU PRODUKTU NA STANIE &#8211; CZAS REALIZACJI ZAM\u00d3WIENIA:\u00a0 7-21<strong>\u00a0DNI<\/strong><\/h5>\n<p>&nbsp;<\/p>\n","protected":false},"excerpt":{"rendered":"<p>Kr\u00f3tszy bawe\u0142niany top z kr\u00f3tkimi r\u0119kawami. Wykonany z bawe\u0142nianej, naturalnej w\u0142\u00f3czki. Bardzo lekki i puszysty.<\/p>\n<p>B\u0105belkowa struktura w\u0142\u00f3czki sprawia, \u017ce wygl\u0105da on bardzo oryginalnie i stylowo.<\/p>\n<p>Na \u017cyczenie, mo\u017cemy go wykona\u0107 odpowiednio d\u0142u\u017cszy, aby zas\u0142ania\u0142 brzuch.<\/p>\n<p>&nbsp;<\/p>\n","protected":false},"featured_media":6599,"template":"","meta":[],"product_cat":[171,172,116,159],"product_tag":[],"_links":{"self":[{"href":"https:\/\/chullo.pl\/en\/wp-json\/wp\/v3\/product\/6569"}],"collection":[{"href":"https:\/\/chullo.pl\/en\/wp-json\/wp\/v3\/product"}],"about":[{"href":"https:\/\/chullo.pl\/en\/wp-json\/wp\/v2\/types\/product"}],"version-history":[{"count":1,"href":"https:\/\/chullo.pl\/en\/wp-json\/wp\/v3\/product\/6569\/revisions"}],"predecessor-version":[{"id":6616,"href":"https:\/\/chullo.pl\/en\/wp-json\/wp\/v3\/product\/6569\/revisions\/6616"}],"wp:featuredmedia":[{"embeddable":true,"href":"https:\/\/chullo.pl\/en\/wp-json\/wp\/v2\/media\/6599"}],"wp:attachment":[{"href":"https:\/\/chullo.pl\/en\/wp-json\/wp\/v2\/media?parent=6569"}],"wp:term":[{"taxonomy":"product_cat","embeddable":true,"href":"https:\/\/chullo.pl\/en\/wp-json\/wp\/v2\/product_cat?post=6569"},{"taxonomy":"product_tag","embeddable":true,"href":"https:\/\/chullo.pl\/en\/wp-json\/wp\/v2\/product_tag?post=6569"}],"curies":[{"name":"wp","href":"https:\/\/api.w.org\/{rel}","templated":true}]}}