{"id":6540,"date":"2025-07-14T09:06:50","date_gmt":"2025-07-14T09:06:50","guid":{"rendered":"https:\/\/chullo.pl\/?post_type=product&#038;p=6540"},"modified":"2025-09-17T08:19:10","modified_gmt":"2025-09-17T08:19:10","slug":"sweter-sol-pink","status":"publish","type":"product","link":"https:\/\/chullo.pl\/en\/product\/sweter-sol-pink\/","title":{"rendered":"Sweter SOL pink"},"content":{"rendered":"<h4>SPECYFIKACJA<\/h4>\n<p><strong>Sk\u0142ad:<\/strong> Sk\u0142ad: 70% bawe\u0142na, 30% we\u0142na merino (virgin wool)<br \/>\n<strong>Spos\u00f3b prania:<\/strong> tylko pranie r\u0119cznie, maksymalnie w 30%. Nie susz w suszarce \u2013 suszenie tylko na p\u0142asko ( na r\u0119czniku). Po wyschni\u0119ciu zalecamy delikatne odparowanie \u017celazkiem lub parownic\u0105 z niewielkiej odleg\u0142o\u015bci.<\/p>\n<p><strong>Wymiary: <\/strong>rozmiar uniwersalny S,M,L,XL &#8211; napisz do nas !<\/p>\n<p>Kolor na zdj\u0119ciach mo\u017ce si\u0119 r\u00f3\u017cni\u0107 w zale\u017cno\u015bci od rodzaju ekranu i monitora.<\/p>\n<h5>W PRZYPADKU BRAKU PRODUKTU NA STANIE &#8211; CZAS REALIZACJI ZAM\u00d3WIENIA: 10-21 DNI<\/h5>\n","protected":false},"excerpt":{"rendered":"<p>Sweter wykonany r\u0119cznie\u00a0 na drutach, z najlepszej jako\u015bci certyfikowanej w\u0142\u00f3czki: bawe\u0142na i merino virgin wool.<\/p>\n<p>Kolor &#8211;\u00a0 blady r\u00f3\u017c.<\/p>\n<p>Lekki,\u00a0 lu\u017any kardigan, zapinany na 3 ozdobne guziki, kt\u00f3re nadaj\u0105 klasy i elegancji.<\/p>\n<p>Pasuje idealnie zar\u00f3wno do sukienek jak i do spodni.<\/p>\n<p>Ca\u0142oroczny model, kt\u00f3ry wykorzystasz zar\u00f3wno w letnie wieczory jak i zimowe dni.<\/p>\n<p>Produkt wykonujemy r\u0119cznie specjalnie na Twoje zam\u00f3wienie. Dzi\u0119ki temu masz mo\u017cliwo\u015b\u0107 personalizacji produktu- w zale\u017cno\u015bci od preferencji co do koloru i rozmiaru.<\/p>\n<p>Je\u017celi jeste\u015b zainteresowany\/na zmianami w produkcie napisz do nas \ud83d\ude09 Ch\u0119tnie pomo\u017cemy i postaramy si\u0119 w pe\u0142ni sprosta\u0107 Twoim oczekiwaniom.<\/p>\n","protected":false},"featured_media":6537,"template":"","meta":[],"product_cat":[154,172,116,120,152],"product_tag":[],"_links":{"self":[{"href":"https:\/\/chullo.pl\/en\/wp-json\/wp\/v3\/product\/6540"}],"collection":[{"href":"https:\/\/chullo.pl\/en\/wp-json\/wp\/v3\/product"}],"about":[{"href":"https:\/\/chullo.pl\/en\/wp-json\/wp\/v2\/types\/product"}],"version-history":[{"count":1,"href":"https:\/\/chullo.pl\/en\/wp-json\/wp\/v3\/product\/6540\/revisions"}],"predecessor-version":[{"id":6541,"href":"https:\/\/chullo.pl\/en\/wp-json\/wp\/v3\/product\/6540\/revisions\/6541"}],"wp:featuredmedia":[{"embeddable":true,"href":"https:\/\/chullo.pl\/en\/wp-json\/wp\/v2\/media\/6537"}],"wp:attachment":[{"href":"https:\/\/chullo.pl\/en\/wp-json\/wp\/v2\/media?parent=6540"}],"wp:term":[{"taxonomy":"product_cat","embeddable":true,"href":"https:\/\/chullo.pl\/en\/wp-json\/wp\/v2\/product_cat?post=6540"},{"taxonomy":"product_tag","embeddable":true,"href":"https:\/\/chullo.pl\/en\/wp-json\/wp\/v2\/product_tag?post=6540"}],"curies":[{"name":"wp","href":"https:\/\/api.w.org\/{rel}","templated":true}]}}