{"id":6447,"date":"2024-12-02T09:41:09","date_gmt":"2024-12-02T09:41:09","guid":{"rendered":"https:\/\/chullo.pl\/?post_type=product&#038;p=6447"},"modified":"2025-09-17T08:21:24","modified_gmt":"2025-09-17T08:21:24","slug":"czapka-dorothy","status":"publish","type":"product","link":"https:\/\/chullo.pl\/en\/product\/czapka-dorothy\/","title":{"rendered":"Czapka Dorothy"},"content":{"rendered":"<h4>SPECYFIKACJA<\/h4>\n<p><strong>Sk\u0142ad: 50<\/strong>% Alpaka, 50% Merino<br \/>\n<strong>Spos\u00f3b prania:<\/strong> Pranie r\u0119czne, maksymalnie w 30%. Nie susz w suszarce \u2013 susz tylko na p\u0142asko roz\u0142o\u017cone na r\u0119czniku, do samoistnego wyschni\u0119cia.<\/p>\n<p>Wybierz kolor w\u0142\u00f3czki oraz rozmiar a wykonamy cieplutk\u0105 czapk\u0119 specjalnie dla Ciebie.<\/p>\n<p>CZAS REALIZACJI ZAM\u00d3WIENIA: 3-7 DNI (je\u017celi zale\u017cy Ci na szybszej realizacji napisz do nas, zrobimy co w naszej mocy)<\/p>\n","protected":false},"excerpt":{"rendered":"<p>Puszysta, ciep\u0142a czapka wykonywana r\u0119cznie na drutach, na Twoje indywidualne zam\u00f3wienie. Zrobiona z naturalnej we\u0142ny, kt\u00f3ra jest niezwykle delikatna i trwa\u0142a a przy tym wspaniale grzeje.<\/p>\n","protected":false},"featured_media":6448,"template":"","meta":[],"product_cat":[169,173],"product_tag":[],"_links":{"self":[{"href":"https:\/\/chullo.pl\/en\/wp-json\/wp\/v3\/product\/6447"}],"collection":[{"href":"https:\/\/chullo.pl\/en\/wp-json\/wp\/v3\/product"}],"about":[{"href":"https:\/\/chullo.pl\/en\/wp-json\/wp\/v2\/types\/product"}],"version-history":[{"count":2,"href":"https:\/\/chullo.pl\/en\/wp-json\/wp\/v3\/product\/6447\/revisions"}],"predecessor-version":[{"id":6455,"href":"https:\/\/chullo.pl\/en\/wp-json\/wp\/v3\/product\/6447\/revisions\/6455"}],"wp:featuredmedia":[{"embeddable":true,"href":"https:\/\/chullo.pl\/en\/wp-json\/wp\/v2\/media\/6448"}],"wp:attachment":[{"href":"https:\/\/chullo.pl\/en\/wp-json\/wp\/v2\/media?parent=6447"}],"wp:term":[{"taxonomy":"product_cat","embeddable":true,"href":"https:\/\/chullo.pl\/en\/wp-json\/wp\/v2\/product_cat?post=6447"},{"taxonomy":"product_tag","embeddable":true,"href":"https:\/\/chullo.pl\/en\/wp-json\/wp\/v2\/product_tag?post=6447"}],"curies":[{"name":"wp","href":"https:\/\/api.w.org\/{rel}","templated":true}]}}