{"id":5837,"date":"2023-05-25T07:00:53","date_gmt":"2023-05-25T07:00:53","guid":{"rendered":"https:\/\/chullo.pl\/?post_type=product&#038;p=5837"},"modified":"2025-09-17T08:25:27","modified_gmt":"2025-09-17T08:25:27","slug":"top-sentido-champan","status":"publish","type":"product","link":"https:\/\/chullo.pl\/en\/product\/top-sentido-champan\/","title":{"rendered":"Top SENTIDO CHAMP\u00c1N"},"content":{"rendered":"<h4>SPECYFIKACJA<\/h4>\n<p><strong>Sk\u0142ad:<\/strong> 50 % wiskoza ECOVERO + 50 % wiskoza<br \/>\n<strong>Spos\u00f3b prania:<\/strong> pranie r\u0119czne lub delikatne w pralce, maksymalnie w 30%. Nie susz w suszarce \u2013 suszenie tylko na p\u0142asko lub na wieszaku.<\/p>\n<p>Kolor bluzki na zdj\u0119ciach mo\u017ce si\u0119 r\u00f3\u017cni\u0107 w zale\u017cno\u015bci od rodzaju ekranu i monitora.<\/p>\n<h5>W PRZYPADKU BRAKU PRODUKTU NA STANIE &#8211; CZAS REALIZACJI ZAM\u00d3WIENIA:\u00a0\u00a0<strong>21 DNI<\/strong><\/h5>\n<p>Wymiary:<\/p>\n<p>XS\/S<\/p>\n<p>klatka 45cm<\/p>\n<p>dl 57cm<\/p>\n<p>M\/L<\/p>\n<p>klatka 50cm<\/p>\n<p>dl 59cm<\/p>\n","protected":false},"excerpt":{"rendered":"<p>Klasyczny, elegancki top uszyty z najlepszej jako\u015bci ekologicznej wiskozy ecovero.<\/p>\n<p>Przepi\u0119kny, lekki i przewiewny materia\u0142 w kolorze g\u0142\u0119bokiego szampa\u0144skiego z\u0142ota.<\/p>\n<p>Mo\u017cesz go nosi\u0107 praktycznie przez ca\u0142y rok stylizuj\u0105c go zar\u00f3wno elegancko jak i casualowo z jeansami i trampkami.<\/p>\n<p>Narzu\u0107 na niego jeden z naszych swetr\u00f3w i masz kompletny, ponadczasowy look.<\/p>\n","protected":false},"featured_media":5882,"template":"","meta":[],"product_cat":[171,172,116,159],"product_tag":[],"_links":{"self":[{"href":"https:\/\/chullo.pl\/en\/wp-json\/wp\/v3\/product\/5837"}],"collection":[{"href":"https:\/\/chullo.pl\/en\/wp-json\/wp\/v3\/product"}],"about":[{"href":"https:\/\/chullo.pl\/en\/wp-json\/wp\/v2\/types\/product"}],"version-history":[{"count":4,"href":"https:\/\/chullo.pl\/en\/wp-json\/wp\/v3\/product\/5837\/revisions"}],"predecessor-version":[{"id":5985,"href":"https:\/\/chullo.pl\/en\/wp-json\/wp\/v3\/product\/5837\/revisions\/5985"}],"wp:featuredmedia":[{"embeddable":true,"href":"https:\/\/chullo.pl\/en\/wp-json\/wp\/v2\/media\/5882"}],"wp:attachment":[{"href":"https:\/\/chullo.pl\/en\/wp-json\/wp\/v2\/media?parent=5837"}],"wp:term":[{"taxonomy":"product_cat","embeddable":true,"href":"https:\/\/chullo.pl\/en\/wp-json\/wp\/v2\/product_cat?post=5837"},{"taxonomy":"product_tag","embeddable":true,"href":"https:\/\/chullo.pl\/en\/wp-json\/wp\/v2\/product_tag?post=5837"}],"curies":[{"name":"wp","href":"https:\/\/api.w.org\/{rel}","templated":true}]}}