{"id":5820,"date":"2023-05-25T07:00:02","date_gmt":"2023-05-25T07:00:02","guid":{"rendered":"https:\/\/chullo.pl\/?post_type=product&#038;p=5820"},"modified":"2025-11-08T09:28:53","modified_gmt":"2025-11-08T09:28:53","slug":"top-sentido-negro","status":"publish","type":"product","link":"https:\/\/chullo.pl\/en\/product\/top-sentido-negro\/","title":{"rendered":"Top SENTIDO NEGRO"},"content":{"rendered":"<h4>SPECYFIKACJA<\/h4>\n<p><strong>Sk\u0142ad:<\/strong> 50 % wiskoza ECOVERO + 50 % wiskoza<br \/>\n<strong>Spos\u00f3b prania:<\/strong> pranie r\u0119czne lub delikatne w pralce, maksymalnie w 30%. Nie susz w suszarce \u2013 suszenie tylko na p\u0142asko lub na wieszaku.<\/p>\n<p>Kolor bluzki na zdj\u0119ciach mo\u017ce si\u0119 r\u00f3\u017cni\u0107 w zale\u017cno\u015bci od rodzaju ekranu i monitora.<\/p>\n<h5>W PRZYPADKU BRAKU PRODUKTU NA STANIE &#8211; CZAS REALIZACJI ZAM\u00d3WIENIA:\u00a0\u00a0<strong>21 DNI<\/strong><\/h5>\n<p>Wymiary:<\/p>\n<p>XS\/S<\/p>\n<p>klatka 45cm<\/p>\n<p>dl 57cm<\/p>\n<p>M\/L<\/p>\n<p>klatka 48\/50cm<\/p>\n<p>dl 59cm<\/p>\n","protected":false},"excerpt":{"rendered":"<p>Klasyczny, elegancki top uszyty z najlepszej jako\u015bci ekologicznej wiskozy ecovero, wyko\u0144czony delikatn\u0105 koronk\u0105. Przepi\u0119kny, lekki i przewiewny materia\u0142 w kolorze g\u0142\u0119bokiej czerni.<\/p>\n<p>Mo\u017cesz go nosi\u0107 praktycznie przez ca\u0142y rok stylizuj\u0105c go zar\u00f3wno elegancko jak i casualowo z jeansami i trampkami.<\/p>\n<p>Narzu\u0107 na niego jeden z naszych swetr\u00f3w i masz kompletny, ponadczasowy look.<\/p>\n<p>Pokochasz go od pierwszego za\u0142o\u017cenia<\/p>\n","protected":false},"featured_media":5826,"template":"","meta":[],"product_cat":[171,172,116],"product_tag":[],"_links":{"self":[{"href":"https:\/\/chullo.pl\/en\/wp-json\/wp\/v3\/product\/5820"}],"collection":[{"href":"https:\/\/chullo.pl\/en\/wp-json\/wp\/v3\/product"}],"about":[{"href":"https:\/\/chullo.pl\/en\/wp-json\/wp\/v2\/types\/product"}],"version-history":[{"count":4,"href":"https:\/\/chullo.pl\/en\/wp-json\/wp\/v3\/product\/5820\/revisions"}],"predecessor-version":[{"id":6311,"href":"https:\/\/chullo.pl\/en\/wp-json\/wp\/v3\/product\/5820\/revisions\/6311"}],"wp:featuredmedia":[{"embeddable":true,"href":"https:\/\/chullo.pl\/en\/wp-json\/wp\/v2\/media\/5826"}],"wp:attachment":[{"href":"https:\/\/chullo.pl\/en\/wp-json\/wp\/v2\/media?parent=5820"}],"wp:term":[{"taxonomy":"product_cat","embeddable":true,"href":"https:\/\/chullo.pl\/en\/wp-json\/wp\/v2\/product_cat?post=5820"},{"taxonomy":"product_tag","embeddable":true,"href":"https:\/\/chullo.pl\/en\/wp-json\/wp\/v2\/product_tag?post=5820"}],"curies":[{"name":"wp","href":"https:\/\/api.w.org\/{rel}","templated":true}]}}