{"id":5778,"date":"2023-05-25T07:00:37","date_gmt":"2023-05-25T07:00:37","guid":{"rendered":"https:\/\/chullo.pl\/?post_type=product&#038;p=5778"},"modified":"2025-09-17T08:26:40","modified_gmt":"2025-09-17T08:26:40","slug":"bluzka-sutil-champan","status":"publish","type":"product","link":"https:\/\/chullo.pl\/en\/product\/bluzka-sutil-champan\/","title":{"rendered":"Bluzka SUTIL CHAMP\u00c1N"},"content":{"rendered":"<h4>SPECYFIKACJA<\/h4>\n<p><strong>Sk\u0142ad:<\/strong> 50 % wiskoza ECOVERO + 50 % wiskoza<br \/>\n<strong>Spos\u00f3b prania:<\/strong> pranie r\u0119czne lub delikatne w pralce, maksymalnie w 30%. Nie susz w suszarce \u2013 suszenie tylko na p\u0142asko lub na wieszaku.<\/p>\n<p>Kolor bluzki na zdj\u0119ciach mo\u017ce si\u0119 r\u00f3\u017cni\u0107 w zale\u017cno\u015bci od rodzaju ekranu i monitora.<\/p>\n<h5>W PRZYPADKU BRAKU PRODUKTU NA STANIE &#8211; CZAS REALIZACJI ZAM\u00d3WIENIA:\u00a0\u00a0<strong>21 DNI<\/strong><\/h5>\n","protected":false},"excerpt":{"rendered":"<p>Oryginalna, wielofunkcyjna bluzka uszyta z najlepszej jako\u015bci ekologicznej wiskozy ecovero. Przepi\u0119kny, delikatny materia\u0142 w kolorze g\u0142\u0119bokiego szampana.<\/p>\n<p>Masz wiele mo\u017cliwo\u015bci noszenia jej, w zale\u017cno\u015bci od nastroju i potrzeb. Wyczarujesz z niej zar\u00f3wno codzienn\u0105, jak i eleganck\u0105 stylizacj\u0119. D\u0142ugie szarfy oraz niezwykle delikatny i lej\u0105cy materia\u0142 pozwol\u0105 Ci zawi\u0105za\u0107 j\u0105 na wiele sposob\u00f3w. Bluzka jest obustronna, wi\u0119c w zale\u017cno\u015bci od sposobu jej wi\u0105zania mo\u017cesz wyeksponowa\u0107 bardziej plecy lub dekolt.<\/p>\n<p>Pokochasz j\u0105 od pierwszego za\u0142o\u017cenia<\/p>\n<p>B\u0119dzie idealna zar\u00f3wno wielkie wyj\u015bcia jak i na co dzie\u0144. W zestawieniu z naszymi sp\u00f3dnicami stworzy przepi\u0119kny, klasyczny komplet.<\/p>\n<p>Dodaj szpilki i jeste\u015b gotowa na podb\u00f3j \u015bwiata!<\/p>\n","protected":false},"featured_media":5790,"template":"","meta":[],"product_cat":[171,172],"product_tag":[],"_links":{"self":[{"href":"https:\/\/chullo.pl\/en\/wp-json\/wp\/v3\/product\/5778"}],"collection":[{"href":"https:\/\/chullo.pl\/en\/wp-json\/wp\/v3\/product"}],"about":[{"href":"https:\/\/chullo.pl\/en\/wp-json\/wp\/v2\/types\/product"}],"version-history":[{"count":4,"href":"https:\/\/chullo.pl\/en\/wp-json\/wp\/v3\/product\/5778\/revisions"}],"predecessor-version":[{"id":5967,"href":"https:\/\/chullo.pl\/en\/wp-json\/wp\/v3\/product\/5778\/revisions\/5967"}],"wp:featuredmedia":[{"embeddable":true,"href":"https:\/\/chullo.pl\/en\/wp-json\/wp\/v2\/media\/5790"}],"wp:attachment":[{"href":"https:\/\/chullo.pl\/en\/wp-json\/wp\/v2\/media?parent=5778"}],"wp:term":[{"taxonomy":"product_cat","embeddable":true,"href":"https:\/\/chullo.pl\/en\/wp-json\/wp\/v2\/product_cat?post=5778"},{"taxonomy":"product_tag","embeddable":true,"href":"https:\/\/chullo.pl\/en\/wp-json\/wp\/v2\/product_tag?post=5778"}],"curies":[{"name":"wp","href":"https:\/\/api.w.org\/{rel}","templated":true}]}}