{"id":575,"date":"2021-03-12T19:00:01","date_gmt":"2021-03-12T19:00:01","guid":{"rendered":"https:\/\/chullo.pl\/?post_type=product&#038;p=575"},"modified":"2025-07-14T10:12:09","modified_gmt":"2025-07-14T10:12:09","slug":"oro-imagination","status":"publish","type":"product","link":"https:\/\/chullo.pl\/en\/product\/oro-imagination\/","title":{"rendered":"Chusta ORO"},"content":{"rendered":"<p><span style=\"color: #333333;\"><span style=\"font-family: Liberation Serif, serif;\"><span style=\"font-size: medium;\">Ka\u017cda chusta jest szyta na Twoje indywidualne zam\u00f3wienie. <\/span><\/span><\/span><\/p>\n<p><span style=\"color: #333333;\"><span style=\"font-family: Liberation Serif, serif;\"><span style=\"font-size: medium;\">Oryginalna chusta\/szal o wielorakim zastosowaniu, wykonana z wyj\u0105tkowo mi\u0119kkiej i przyjemnej w dotyku dzianiny typu tencel. <\/span><\/span><\/span><\/p>\n<p><span style=\"color: #333333;\"><span style=\"font-family: Liberation Serif, serif;\"><span style=\"font-size: medium;\">Lekki, lej\u0105cy i bardzo dobrze oddychaj\u0105cy materia\u0142 zachwyci najbardziej wymagaj\u0105ce klientki i sprawi, \u017ce nie b\u0119dziecie go ani troch\u0119 czu\u0142y na g\u0142owie.<\/span><\/span><\/span><\/p>\n<p><span style=\"color: #333333;\"><span style=\"font-family: Liberation Serif, serif;\"><span style=\"font-size: medium;\"> Mo\u017cna je nosi\u0107 jako turban, kilku warstwow\u0105 opask\u0119 lub klasycznie jako szal. Istnieje mn\u00f3stwo sposob\u00f3w wi\u0105zania jej na g\u0142owie i ogranicza was tylko wasza wyobra\u017ania.<\/span><\/span><\/span><\/p>\n<p><strong>USE YOUR IMAGINATION.<\/strong><\/p>\n<p>&nbsp;<\/p>\n","protected":false},"excerpt":{"rendered":"<h4>SPECYFIKACJA<\/h4>\n<p><strong>Sk\u0142ad: <\/strong>95% wiskoza,\u00a0 5% elastan<br \/>\n<strong>Spos\u00f3b prania:<\/strong> pranie r\u0119czne, maksymalnie w 30%. Nie susz w suszarce \u2013 suszenie tylko na p\u0142asko.<\/p>\n<p><strong>Wymiary: <\/strong>160 x 30 cm<\/p>\n<p>&nbsp;<\/p>\n<p>Kolor tkaniny na zdj\u0119ciach mo\u017ce si\u0119 r\u00f3\u017cni\u0107 w zale\u017cno\u015bci od rodzaju ekranu i monitora.<\/p>\n<h6>W PRZYPADKU BRAKU PRODUKTU NA STANIE &#8211; CZAS REALIZACJI ZAM\u00d3WIENIA: 2-5 DNI<\/h6>\n<p>&nbsp;<\/p>\n","protected":false},"featured_media":3322,"template":"","meta":[],"product_cat":[46,62,116],"product_tag":[],"_links":{"self":[{"href":"https:\/\/chullo.pl\/en\/wp-json\/wp\/v3\/product\/575"}],"collection":[{"href":"https:\/\/chullo.pl\/en\/wp-json\/wp\/v3\/product"}],"about":[{"href":"https:\/\/chullo.pl\/en\/wp-json\/wp\/v2\/types\/product"}],"version-history":[{"count":3,"href":"https:\/\/chullo.pl\/en\/wp-json\/wp\/v3\/product\/575\/revisions"}],"predecessor-version":[{"id":4904,"href":"https:\/\/chullo.pl\/en\/wp-json\/wp\/v3\/product\/575\/revisions\/4904"}],"wp:featuredmedia":[{"embeddable":true,"href":"https:\/\/chullo.pl\/en\/wp-json\/wp\/v2\/media\/3322"}],"wp:attachment":[{"href":"https:\/\/chullo.pl\/en\/wp-json\/wp\/v2\/media?parent=575"}],"wp:term":[{"taxonomy":"product_cat","embeddable":true,"href":"https:\/\/chullo.pl\/en\/wp-json\/wp\/v2\/product_cat?post=575"},{"taxonomy":"product_tag","embeddable":true,"href":"https:\/\/chullo.pl\/en\/wp-json\/wp\/v2\/product_tag?post=575"}],"curies":[{"name":"wp","href":"https:\/\/api.w.org\/{rel}","templated":true}]}}