{"id":4649,"date":"2022-04-04T15:53:55","date_gmt":"2022-04-04T15:53:55","guid":{"rendered":"https:\/\/chullo.pl\/?post_type=product&#038;p=4649"},"modified":"2025-07-07T08:53:44","modified_gmt":"2025-07-07T08:53:44","slug":"sweter-calado","status":"publish","type":"product","link":"https:\/\/chullo.pl\/en\/product\/sweter-calado\/","title":{"rendered":"Sweter CALADO"},"content":{"rendered":"<h4>SPECYFIKACJA<\/h4>\n<p><strong>Sk\u0142ad:<\/strong> 78% bawe\u0142na, 22% jedwab<br \/>\n<strong>Spos\u00f3b prania:<\/strong> tylko pranie r\u0119cznie, maksymalnie w 30%. Nie susz w suszarce \u2013 suszenie tylko na p\u0142asko ( na r\u0119czniku). Po wyschni\u0119ciu zalecamy delikatne odparowanie \u017celazkiem lub parownic\u0105 z niewielkiej odleg\u0142o\u015bci.<\/p>\n<p><strong>Wymiary: <\/strong>rozmiar uniwersalny S,M,L,XL &#8211; napisz do nas !<\/p>\n<p>Kolor kimona na zdj\u0119ciach mo\u017ce si\u0119 r\u00f3\u017cni\u0107 w zale\u017cno\u015bci od rodzaju ekranu i monitora.<\/p>\n<h5>W PRZYPADKU BRAKU PRODUKTU NA STANIE &#8211; CZAS REALIZACJI ZAM\u00d3WIENIA: 10-21 DNI<\/h5>\n","protected":false},"excerpt":{"rendered":"<p><span style=\"color: #333333;\"><span style=\"font-family: Liberation Serif, serif;\"><span style=\"font-size: medium;\">Sweter wykonany na drutach z najlepszej jako\u015bci certyfikowanej w\u0142\u00f3czki : bawe\u0142na z jedwabiem.<br \/>\nSweter\/tunika\/narzutka wykonana na drutach a\u017curowym splotem. R\u0119kawy lekko rozszerzane przy nadgarstkach, rozci\u0119cia na biodrach. Mo\u017ce by\u0107 noszony na go\u0142e cia\u0142o lub narzutka na top. Idealnie sprawdzi si\u0119 rownie\u017c w pla\u017cowych stylizacjach do stroju k\u0105pielowego i spodenek. <\/span><\/span><\/span><\/p>\n<p><span style=\"color: #333333;\"><span style=\"font-family: Liberation Serif, serif;\"><span style=\"font-size: medium;\">Produkt wykonujemy r\u0119cznie specjalnie na Twoje zam\u00f3wienie. Dzi\u0119ki temu masz mo\u017cliwo\u015b\u0107 personalizacji produktu- w zale\u017cno\u015bci od preferencji co do koloru i rozmiaru. <\/span><\/span><\/span><\/p>\n<p><span style=\"color: #333333;\"><span style=\"font-family: Liberation Serif, serif;\"><span style=\"font-size: medium;\">Je\u017celi jeste\u015b zainteresowany\/na zmianami w produkcie napisz do nas \ud83d\ude09 Ch\u0119tnie pomo\u017cemy i postaramy si\u0119 w pe\u0142ni sprosta\u0107 Twoim oczekiwaniom.<\/span><\/span><\/span><\/p>\n","protected":false},"featured_media":4655,"template":"","meta":[],"product_cat":[119,120,130],"product_tag":[],"_links":{"self":[{"href":"https:\/\/chullo.pl\/en\/wp-json\/wp\/v3\/product\/4649"}],"collection":[{"href":"https:\/\/chullo.pl\/en\/wp-json\/wp\/v3\/product"}],"about":[{"href":"https:\/\/chullo.pl\/en\/wp-json\/wp\/v2\/types\/product"}],"version-history":[{"count":3,"href":"https:\/\/chullo.pl\/en\/wp-json\/wp\/v3\/product\/4649\/revisions"}],"predecessor-version":[{"id":5502,"href":"https:\/\/chullo.pl\/en\/wp-json\/wp\/v3\/product\/4649\/revisions\/5502"}],"wp:featuredmedia":[{"embeddable":true,"href":"https:\/\/chullo.pl\/en\/wp-json\/wp\/v2\/media\/4655"}],"wp:attachment":[{"href":"https:\/\/chullo.pl\/en\/wp-json\/wp\/v2\/media?parent=4649"}],"wp:term":[{"taxonomy":"product_cat","embeddable":true,"href":"https:\/\/chullo.pl\/en\/wp-json\/wp\/v2\/product_cat?post=4649"},{"taxonomy":"product_tag","embeddable":true,"href":"https:\/\/chullo.pl\/en\/wp-json\/wp\/v2\/product_tag?post=4649"}],"curies":[{"name":"wp","href":"https:\/\/api.w.org\/{rel}","templated":true}]}}