{"id":4497,"date":"2022-04-04T17:00:21","date_gmt":"2022-04-04T17:00:21","guid":{"rendered":"https:\/\/chullo.pl\/?post_type=product&#038;p=4497"},"modified":"2025-09-17T08:36:08","modified_gmt":"2025-09-17T08:36:08","slug":"sweter-frigiliana","status":"publish","type":"product","link":"https:\/\/chullo.pl\/en\/product\/sweter-frigiliana\/","title":{"rendered":"Sweter FRIGILIANA"},"content":{"rendered":"<h4>SPECYFIKACJA<\/h4>\n<p><strong>Sk\u0142ad:<\/strong> alpaka 77% + jedwab 23 %<br \/>\n<strong>Spos\u00f3b prania:<\/strong> tylko pranie r\u0119cznie, maksymalnie w 30%. Nie susz w suszarce \u2013 suszenie tylko na p\u0142asko ( na r\u0119czniku). Po wyschni\u0119ciu zalecamy delikatne odparowanie \u017celazkiem lub parownic\u0105 z niewielkiej odleg\u0142o\u015bci.<\/p>\n<p><strong>Wymiary: <\/strong>rozmiar uniwersalny S,M,L,XL &#8211; napisz do nas !<\/p>\n<p>Kolor na zdj\u0119ciach mo\u017ce si\u0119 r\u00f3\u017cni\u0107 w zale\u017cno\u015bci od rodzaju ekranu i monitora.<\/p>\n<h5>W PRZYPADKU BRAKU PRODUKTU NA STANIE &#8211; CZAS REALIZACJI ZAM\u00d3WIENIA: 10-21 DNI<\/h5>\n","protected":false},"excerpt":{"rendered":"<p><span style=\"color: #333333;\"><span style=\"font-family: Liberation Serif, serif;\"><span style=\"font-size: medium;\">Sweter wykonany na drutach z najlepszej jako\u015bci certyfikowanej w\u0142\u00f3czki : alpaka + jedwab. Nitka z alpaki odpowiada za ciep\u0142o i mi\u0119kko\u015b\u0107, jedwabna ni\u0107 dodaje po\u0142ysku i luksusu. To niezwykle delikatna i puszysta w\u0142\u00f3czka, kt\u00f3r\u0105 mo\u017cesz nosi\u0107 przez ca\u0142y rok. Dzi\u0119ki swoim w\u0142a\u015bciwo\u015bciom mo\u017cna j\u0105 swobodnie nosi\u0107 nawet na go\u0142e cia\u0142o.<br \/>\nR\u0119kawy i d\u00f3\u0142 swetra wyko\u0144czone s\u0105 klasycznym \u015bci\u0105gaczem. Na plecach dekolt V, kt\u00f3ry mo\u017cesz nosi\u0107 r\u00f3wnie\u017c obustronnie. <\/span><\/span><\/span><br \/>\n<span style=\"color: #333333;\"><span style=\"font-family: Liberation Serif, serif;\"><span style=\"font-size: medium;\">Gama kolorystyczna tej przepi\u0119knej w\u0142\u00f3czki jest ogromna, dlatego je\u017celi marzysz o takim modelu w szaro\u015bci, be\u017cu lub czerni napisz do nas! Wsp\u00f3lnie stworzymy taki model w Twoim ulubionym kolorze.<\/span><\/span><\/span><\/p>\n<p><span style=\"color: #333333;\"><span style=\"font-family: Liberation Serif, serif;\"><span style=\"font-size: medium;\">Produkt wykonujemy r\u0119cznie specjalnie na Twoje zam\u00f3wienie. Dzi\u0119ki temu masz mo\u017cliwo\u015b\u0107 personalizacji produktu- w zale\u017cno\u015bci od preferencji co do koloru i rozmiaru. <\/span><\/span><\/span><\/p>\n<p><span style=\"color: #333333;\"><span style=\"font-family: Liberation Serif, serif;\"><span style=\"font-size: medium;\">Je\u017celi jeste\u015b zainteresowany\/na zmianami w produkcie napisz do nas \ud83d\ude09 Ch\u0119tnie pomo\u017cemy i postaramy si\u0119 w pe\u0142ni sprosta\u0107 Twoim oczekiwaniom.<\/span><\/span><\/span><\/p>\n","protected":false},"featured_media":4503,"template":"","meta":[],"product_cat":[172,120],"product_tag":[],"_links":{"self":[{"href":"https:\/\/chullo.pl\/en\/wp-json\/wp\/v3\/product\/4497"}],"collection":[{"href":"https:\/\/chullo.pl\/en\/wp-json\/wp\/v3\/product"}],"about":[{"href":"https:\/\/chullo.pl\/en\/wp-json\/wp\/v2\/types\/product"}],"version-history":[{"count":7,"href":"https:\/\/chullo.pl\/en\/wp-json\/wp\/v3\/product\/4497\/revisions"}],"predecessor-version":[{"id":5414,"href":"https:\/\/chullo.pl\/en\/wp-json\/wp\/v3\/product\/4497\/revisions\/5414"}],"wp:featuredmedia":[{"embeddable":true,"href":"https:\/\/chullo.pl\/en\/wp-json\/wp\/v2\/media\/4503"}],"wp:attachment":[{"href":"https:\/\/chullo.pl\/en\/wp-json\/wp\/v2\/media?parent=4497"}],"wp:term":[{"taxonomy":"product_cat","embeddable":true,"href":"https:\/\/chullo.pl\/en\/wp-json\/wp\/v2\/product_cat?post=4497"},{"taxonomy":"product_tag","embeddable":true,"href":"https:\/\/chullo.pl\/en\/wp-json\/wp\/v2\/product_tag?post=4497"}],"curies":[{"name":"wp","href":"https:\/\/api.w.org\/{rel}","templated":true}]}}