{"id":4480,"date":"2022-04-04T17:00:03","date_gmt":"2022-04-04T17:00:03","guid":{"rendered":"https:\/\/chullo.pl\/?post_type=product&#038;p=4480"},"modified":"2025-09-17T08:37:57","modified_gmt":"2025-09-17T08:37:57","slug":"sweter-dosia","status":"publish","type":"product","link":"https:\/\/chullo.pl\/en\/product\/sweter-dosia\/","title":{"rendered":"Sweter NERJA"},"content":{"rendered":"<h4>SPECYFIKACJA<\/h4>\n<p><strong>Sk\u0142ad:<\/strong> 71% alpaca, 25% merino, 4% poliamid<br \/>\n<strong>Spos\u00f3b prania:<\/strong> tylko pranie r\u0119cznie, maksymalnie w 30%. Nie susz w suszarce \u2013 suszenie tylko na p\u0142asko ( na r\u0119czniku). Po wyschni\u0119ciu zalecamy delikatne odparowanie \u017celazkiem lub parownic\u0105 z niewielkiej odleg\u0142o\u015bci.<\/p>\n<p><strong>Wymiary: <\/strong>rozmiar uniwersalny S,M,L, XL &#8211; napisz do nas !<\/p>\n<p>Kolor na zdj\u0119ciach mo\u017ce si\u0119 r\u00f3\u017cni\u0107 w zale\u017cno\u015bci od rodzaju ekranu i monitora.<\/p>\n<h5>W PRZYPADKU BRAKU PRODUKTU NA STANIE &#8211; CZAS REALIZACJI ZAM\u00d3WIENIA: 10-21 DNI<\/h5>\n","protected":false},"excerpt":{"rendered":"<p><span style=\"color: #333333;\"><span style=\"font-family: Liberation Serif, serif;\"><span style=\"font-size: medium;\">Sweter wykonany na drutach z najlepszej jako\u015bci certyfikowanej w\u0142\u00f3czki, w kt\u00f3rej sk\u0142adzie znajduje si\u0119 superfine alpaca i we\u0142na merynosa. Dzi\u0119ki tej luksusowej w\u0142\u00f3czce jest niezwykle mi\u0119kki i lekki. \u015aladowe ilo\u015bci domieszki poliamidu wp\u0142ywaj\u0105 jedynie pozytywnie na wytrzyma\u0142o\u015b\u0107 w\u0142\u00f3kna.<\/span><\/span><\/span><\/p>\n<p><span style=\"color: #333333;\"><span style=\"font-family: Liberation Serif, serif;\"><span style=\"font-size: medium;\">Model to d\u0142ugi kardigan bez guzik\u00f3w, w kolorze pi\u0119knego bordo. Gama kolorystyczna tej wspania\u0142ej w\u0142\u00f3czki jest ogromna. Je\u017celi my\u015blisz o takim modelu w szaro\u015bci, be\u017cu lub innym kolorze napisz do nas. Wsp\u00f3lnie wybierzemy kolor i spe\u0142nimy Twoje marzenie.<\/span><\/span><\/span><\/p>\n<p><span style=\"color: #333333;\"><span style=\"font-family: Liberation Serif, serif;\"><span style=\"font-size: medium;\">Produkt wykonujemy r\u0119cznie, specjalnie na Twoje zam\u00f3wienie. Dzi\u0119ki temu masz mo\u017cliwo\u015b\u0107 personalizacji produktu- w zale\u017cno\u015bci od preferencji co do koloru i rozmiaru. <\/span><\/span><\/span><\/p>\n<p><span style=\"color: #333333;\"><span style=\"font-family: Liberation Serif, serif;\"><span style=\"font-size: medium;\">Je\u017celi jeste\u015b zainteresowany\/na zmianami w produkcie napisz do nas \ud83d\ude09 Ch\u0119tnie pomo\u017cemy i postaramy si\u0119 w pe\u0142ni sprosta\u0107 Twoim oczekiwaniom.<\/span><\/span><\/span><\/p>\n","protected":false},"featured_media":4578,"template":"","meta":[],"product_cat":[172,120],"product_tag":[],"_links":{"self":[{"href":"https:\/\/chullo.pl\/en\/wp-json\/wp\/v3\/product\/4480"}],"collection":[{"href":"https:\/\/chullo.pl\/en\/wp-json\/wp\/v3\/product"}],"about":[{"href":"https:\/\/chullo.pl\/en\/wp-json\/wp\/v2\/types\/product"}],"version-history":[{"count":11,"href":"https:\/\/chullo.pl\/en\/wp-json\/wp\/v3\/product\/4480\/revisions"}],"predecessor-version":[{"id":5456,"href":"https:\/\/chullo.pl\/en\/wp-json\/wp\/v3\/product\/4480\/revisions\/5456"}],"wp:featuredmedia":[{"embeddable":true,"href":"https:\/\/chullo.pl\/en\/wp-json\/wp\/v2\/media\/4578"}],"wp:attachment":[{"href":"https:\/\/chullo.pl\/en\/wp-json\/wp\/v2\/media?parent=4480"}],"wp:term":[{"taxonomy":"product_cat","embeddable":true,"href":"https:\/\/chullo.pl\/en\/wp-json\/wp\/v2\/product_cat?post=4480"},{"taxonomy":"product_tag","embeddable":true,"href":"https:\/\/chullo.pl\/en\/wp-json\/wp\/v2\/product_tag?post=4480"}],"curies":[{"name":"wp","href":"https:\/\/api.w.org\/{rel}","templated":true}]}}