{"id":4367,"date":"2022-04-04T16:16:20","date_gmt":"2022-04-04T16:16:20","guid":{"rendered":"https:\/\/chullo.pl\/?post_type=product&#038;p=4367"},"modified":"2024-03-26T22:30:21","modified_gmt":"2024-03-26T22:30:21","slug":"seda-caqui","status":"publish","type":"product","link":"https:\/\/chullo.pl\/en\/product\/seda-caqui\/","title":{"rendered":"Opaska SEDA CAQUI"},"content":{"rendered":"<h4>SPECYFIKACJA<\/h4>\n<p><strong>Sk\u0142ad:<\/strong> 98% jedwab ,\u00a0 2% elastan<br \/>\n<strong>Spos\u00f3b prania:<\/strong> pranie r\u0119czne, maksymalnie w 30%. Nie susz w suszarce \u2013 suszenie tylko na p\u0142asko.<\/p>\n<p><strong>Wymiary: <\/strong>70 x 10 cm materia\u0142u z obu stron, po\u0142\u0105czone k\u00f3\u0142kiem o \u015brednicy 3 cm<\/p>\n<p>Kolor opaski na zdj\u0119ciach mo\u017ce si\u0119 r\u00f3\u017cni\u0107 w zale\u017cno\u015bci od rodzaju ekranu i monitora.<\/p>\n<h5>W PRZYPADKU BRAKU PRODUKTU NA STANIE &#8211; CZAS REALIZACJI ZAM\u00d3WIENIA: 5-10 DNI<\/h5>\n","protected":false},"excerpt":{"rendered":"<p><span style=\"color: #333333;\"><span style=\"font-family: Liberation Serif, serif;\"><span style=\"font-size: medium;\">Ka\u017cda opaska jest szyta na Twoje indywidualne zam\u00f3wienie. <\/span><\/span><\/span><\/p>\n<p><span style=\"color: #333333;\"><span style=\"font-family: Liberation Serif, serif;\"><span style=\"font-size: medium;\">Oryginalna opaska po\u0142\u0105czona lekkim, metalowym k\u00f3\u0142kiem, wykonana z najlepszej jako\u015bci jedwabiu z dodatkiem elastanu, dzi\u0119ki czemu wspaniale si\u0119 prezentuje i utrzymuje na g\u0142owie. <\/span><\/span><\/span><\/p>\n<p><span style=\"color: #333333;\"><span style=\"font-family: Liberation Serif, serif;\"><span style=\"font-size: medium;\">Lekki, lej\u0105cy i bardzo dobrze oddychaj\u0105cy materia\u0142 zachwyci najbardziej wymagaj\u0105ce klientki i sprawi, \u017ce poczujesz si\u0119 elegancko i wyj\u0105tkowo od momentu za\u0142o\u017cenia.<\/span><\/span><\/span><\/p>\n<p><span style=\"color: #333333;\"><span style=\"font-family: Liberation Serif, serif;\"><span style=\"font-size: medium;\"> Mo\u017cna je nosi\u0107 rozpuszczone, na \u015brodku, z boku, zwi\u0105zane podw\u00f3jnie do g\u00f3ry. Istnieje mn\u00f3stwo sposob\u00f3w i ogranicza was tylko wasza wyobra\u017ania.<\/span><\/span><\/span><\/p>\n<p><strong>USE YOUR IMAGINATION.<\/strong><\/p>\n","protected":false},"featured_media":4374,"template":"","meta":[],"product_cat":[119,77],"product_tag":[],"_links":{"self":[{"href":"https:\/\/chullo.pl\/en\/wp-json\/wp\/v3\/product\/4367"}],"collection":[{"href":"https:\/\/chullo.pl\/en\/wp-json\/wp\/v3\/product"}],"about":[{"href":"https:\/\/chullo.pl\/en\/wp-json\/wp\/v2\/types\/product"}],"version-history":[{"count":2,"href":"https:\/\/chullo.pl\/en\/wp-json\/wp\/v3\/product\/4367\/revisions"}],"predecessor-version":[{"id":4953,"href":"https:\/\/chullo.pl\/en\/wp-json\/wp\/v3\/product\/4367\/revisions\/4953"}],"wp:featuredmedia":[{"embeddable":true,"href":"https:\/\/chullo.pl\/en\/wp-json\/wp\/v2\/media\/4374"}],"wp:attachment":[{"href":"https:\/\/chullo.pl\/en\/wp-json\/wp\/v2\/media?parent=4367"}],"wp:term":[{"taxonomy":"product_cat","embeddable":true,"href":"https:\/\/chullo.pl\/en\/wp-json\/wp\/v2\/product_cat?post=4367"},{"taxonomy":"product_tag","embeddable":true,"href":"https:\/\/chullo.pl\/en\/wp-json\/wp\/v2\/product_tag?post=4367"}],"curies":[{"name":"wp","href":"https:\/\/api.w.org\/{rel}","templated":true}]}}