{"id":3979,"date":"2021-11-06T09:14:45","date_gmt":"2021-11-06T09:14:45","guid":{"rendered":"https:\/\/chullo.pl\/?post_type=product&#038;p=3979"},"modified":"2025-11-16T10:18:25","modified_gmt":"2025-11-16T10:18:25","slug":"velloso","status":"publish","type":"product","link":"https:\/\/chullo.pl\/en\/product\/velloso\/","title":{"rendered":"Komin Velloso"},"content":{"rendered":"<h4>SPECYFIKACJA<\/h4>\n<p><strong>Sk\u0142ad: <\/strong>100% WE\u0141NA \u2013 wybierz rodzaj we\u0142ny, z kt\u00f3rej mamy wykona\u0107 dla Ciebie komin ( We\u0142na + Alpaka, Alpaka + Merino + bawe\u0142na lub Merino) oraz zaznacz model (gotowy komin wk\u0142adany przez g\u0142ow\u0119 lub zapinany na drewniany, r\u0119cznie malowany przez nas guzik).<br \/>\n<strong>Spos\u00f3b prania:<\/strong> Pranie r\u0119czne, maksymalnie w 30%. Nie susz w suszarce \u2013 susz tylko na p\u0142asko roz\u0142o\u017cone na r\u0119czniku, do samoistnego wyschni\u0119cia.<br \/>\n<strong>Po wybraniu rodzaju we\u0142ny oraz modelu wy\u015bwietli si\u0119 dost\u0119pna lista kolor\u00f3w, wybrany kolor prosz\u0119 wpisa\u0107 w komentarzu do zam\u00f3wienia.<\/strong><\/p>\n<p>CZAS REALIZACJI ZAM\u00d3WIENIA: 7-10 DNI (je\u017celi zale\u017cy Ci na szybszej realizacji napisz do nas, zrobimy co w naszej mocy)<\/p>\n","protected":false},"excerpt":{"rendered":"<p>Gruby, ciep\u0142y szal\/komin wykonywana r\u0119cznie na drutach, na Twoje indywidualne zam\u00f3wienie. Zrobiony z naturalnej we\u0142ny, kt\u00f3ra jest niezwykle delikatna i trwa\u0142a a przy tym wspaniale grzeje.<br \/>\nMo\u017ce by\u0107 zapinany na 1 drewniany guzik lub po\u0142\u0105czony na gotowo.<\/p>\n<p>&nbsp;<\/p>\n","protected":false},"featured_media":3981,"template":"","meta":[],"product_cat":[173,170],"product_tag":[],"_links":{"self":[{"href":"https:\/\/chullo.pl\/en\/wp-json\/wp\/v3\/product\/3979"}],"collection":[{"href":"https:\/\/chullo.pl\/en\/wp-json\/wp\/v3\/product"}],"about":[{"href":"https:\/\/chullo.pl\/en\/wp-json\/wp\/v2\/types\/product"}],"version-history":[{"count":5,"href":"https:\/\/chullo.pl\/en\/wp-json\/wp\/v3\/product\/3979\/revisions"}],"predecessor-version":[{"id":4993,"href":"https:\/\/chullo.pl\/en\/wp-json\/wp\/v3\/product\/3979\/revisions\/4993"}],"wp:featuredmedia":[{"embeddable":true,"href":"https:\/\/chullo.pl\/en\/wp-json\/wp\/v2\/media\/3981"}],"wp:attachment":[{"href":"https:\/\/chullo.pl\/en\/wp-json\/wp\/v2\/media?parent=3979"}],"wp:term":[{"taxonomy":"product_cat","embeddable":true,"href":"https:\/\/chullo.pl\/en\/wp-json\/wp\/v2\/product_cat?post=3979"},{"taxonomy":"product_tag","embeddable":true,"href":"https:\/\/chullo.pl\/en\/wp-json\/wp\/v2\/product_tag?post=3979"}],"curies":[{"name":"wp","href":"https:\/\/api.w.org\/{rel}","templated":true}]}}