{"id":3891,"date":"2021-11-06T07:40:23","date_gmt":"2021-11-06T07:40:23","guid":{"rendered":"https:\/\/chullo.pl\/?post_type=product&#038;p=3891"},"modified":"2025-09-17T08:41:52","modified_gmt":"2025-09-17T08:41:52","slug":"feliz","status":"publish","type":"product","link":"https:\/\/chullo.pl\/en\/product\/feliz\/","title":{"rendered":"Czapka Feliz"},"content":{"rendered":"<p>Gruba, ciep\u0142a czapka wykonywana r\u0119cznie na drutach, na Twoje indywidualne zam\u00f3wienie. Zrobiona z naturalnej we\u0142ny, kt\u00f3ra jest niezwykle delikatna i trwa\u0142a, a przy tym wspaniale grzeje.<\/p>\n","protected":false},"excerpt":{"rendered":"<h4>SPECYFIKACJA<\/h4>\n<p><strong>Sk\u0142ad: <\/strong>50% Alpaka, 33% Bawe\u0142na, 17% We\u0142na<br \/>\n<strong>Spos\u00f3b prania:<\/strong> Pranie r\u0119czne, maksymalnie w 30%. Nie susz w suszarce \u2013 susz tylko na p\u0142asko roz\u0142o\u017cone na r\u0119czniku, do samoistnego wyschni\u0119cia.<\/p>\n<p>Wybierz kolor w\u0142\u00f3czki oraz rozmiar a wykonamy cieplutk\u0105 czapk\u0119 specjalnie dla Ciebie.<\/p>\n<p>CZAS REALIZACJI ZAM\u00d3WIENIA: 7-10 DNI (je\u017celi zale\u017cy Ci na szybszej realizacji napisz do nas, zrobimy co w naszej mocy)<\/p>\n","protected":false},"featured_media":3892,"template":"","meta":[],"product_cat":[169,173],"product_tag":[],"_links":{"self":[{"href":"https:\/\/chullo.pl\/en\/wp-json\/wp\/v3\/product\/3891"}],"collection":[{"href":"https:\/\/chullo.pl\/en\/wp-json\/wp\/v3\/product"}],"about":[{"href":"https:\/\/chullo.pl\/en\/wp-json\/wp\/v2\/types\/product"}],"version-history":[{"count":4,"href":"https:\/\/chullo.pl\/en\/wp-json\/wp\/v3\/product\/3891\/revisions"}],"predecessor-version":[{"id":4996,"href":"https:\/\/chullo.pl\/en\/wp-json\/wp\/v3\/product\/3891\/revisions\/4996"}],"wp:featuredmedia":[{"embeddable":true,"href":"https:\/\/chullo.pl\/en\/wp-json\/wp\/v2\/media\/3892"}],"wp:attachment":[{"href":"https:\/\/chullo.pl\/en\/wp-json\/wp\/v2\/media?parent=3891"}],"wp:term":[{"taxonomy":"product_cat","embeddable":true,"href":"https:\/\/chullo.pl\/en\/wp-json\/wp\/v2\/product_cat?post=3891"},{"taxonomy":"product_tag","embeddable":true,"href":"https:\/\/chullo.pl\/en\/wp-json\/wp\/v2\/product_tag?post=3891"}],"curies":[{"name":"wp","href":"https:\/\/api.w.org\/{rel}","templated":true}]}}