{"id":2157,"date":"2021-09-10T18:00:30","date_gmt":"2021-09-10T18:00:30","guid":{"rendered":"https:\/\/chullo.pl\/?post_type=product&#038;p=2157"},"modified":"2025-11-16T10:19:10","modified_gmt":"2025-11-16T10:19:10","slug":"cielo","status":"publish","type":"product","link":"https:\/\/chullo.pl\/en\/product\/cielo\/","title":{"rendered":"Opaska CIELO"},"content":{"rendered":"<p>Ka\u017cda opaska jest szyta na Twoje indywidualne zam\u00f3wienie.<\/p>\n<p>Wykonana z dzianiny bawe\u0142nianej , w dotyku przypomina delikatny welur, a wygl\u0105dem sztruks. Dzi\u0119ki temu jest niezwykle oryginalna.<\/p>\n<p>Wyko\u0144czona na g\u00f3rze naszym kultowym, lekkim, metalowym k\u00f3\u0142kiem , kt\u00f3ry nadaje jej eleganckiego sznytu i charakteru.<\/p>\n<p>Dzi\u0119ki przeplecionemu przez k\u00f3\u0142ko sup\u0142owi opask\u0119 mo\u017cecie regulowa\u0107 w zale\u017cno\u015bci od potrzeb dopasowania na g\u0142owie ( mocniej lub l\u017cej ). Dodatek elastanu w sk\u0142adzie\u00a0 oraz kr\u00f3j sprawiaj\u0105, \u017ce pasuj\u0105 na ka\u017cdy rozmiar g\u0142owy.<\/p>\n<p>Przyjemnie otula g\u0142ow\u0119 i trzyma ciep\u0142o, dzi\u0119ki czemu idealnie zast\u0119puje czapk\u0119.<\/p>\n<p>Idealna dla tych , kt\u00f3rzy\u00a0 uwielbiaj\u0105 opaski\u00a0 oraz dla tych , kt\u00f3rzy z czapkami na g\u0142owie maj\u0105 nie po drodze.<\/p>\n<p>Pokochacie je od pierwszego wejrzenia!<\/p>\n<p>&nbsp;<\/p>\n<h4><\/h4>\n<p>&nbsp;<\/p>\n","protected":false},"excerpt":{"rendered":"<h4>SPECYFIKACJA<\/h4>\n<p><strong>Sk\u0142ad: <\/strong>70 % bawe\u0142na, 25 % poliester, 5 % elastan<br \/>\n<strong>Spos\u00f3b prania:<\/strong> zalecamy pranie r\u0119czne, maksymalnie w 30%. Nie susz w suszarce \u2013 suszenie tylko na p\u0142asko.<\/p>\n<p>&nbsp;<\/p>\n<p>Kolor opaski na zdj\u0119ciach mo\u017ce si\u0119 r\u00f3\u017cni\u0107 w zale\u017cno\u015bci od rodzaju ekranu i monitora.<\/p>\n<h5><\/h5>\n<h5>W PRZYPADKU BRAKU PRODUKTU NA STANIE &#8211; CZAS REALIZACJI ZAM\u00d3WIENIA: 5-10 DNI<\/h5>\n","protected":false},"featured_media":3440,"template":"","meta":[],"product_cat":[17,77,80],"product_tag":[],"_links":{"self":[{"href":"https:\/\/chullo.pl\/en\/wp-json\/wp\/v3\/product\/2157"}],"collection":[{"href":"https:\/\/chullo.pl\/en\/wp-json\/wp\/v3\/product"}],"about":[{"href":"https:\/\/chullo.pl\/en\/wp-json\/wp\/v2\/types\/product"}],"version-history":[{"count":1,"href":"https:\/\/chullo.pl\/en\/wp-json\/wp\/v3\/product\/2157\/revisions"}],"predecessor-version":[{"id":4862,"href":"https:\/\/chullo.pl\/en\/wp-json\/wp\/v3\/product\/2157\/revisions\/4862"}],"wp:featuredmedia":[{"embeddable":true,"href":"https:\/\/chullo.pl\/en\/wp-json\/wp\/v2\/media\/3440"}],"wp:attachment":[{"href":"https:\/\/chullo.pl\/en\/wp-json\/wp\/v2\/media?parent=2157"}],"wp:term":[{"taxonomy":"product_cat","embeddable":true,"href":"https:\/\/chullo.pl\/en\/wp-json\/wp\/v2\/product_cat?post=2157"},{"taxonomy":"product_tag","embeddable":true,"href":"https:\/\/chullo.pl\/en\/wp-json\/wp\/v2\/product_tag?post=2157"}],"curies":[{"name":"wp","href":"https:\/\/api.w.org\/{rel}","templated":true}]}}