{"id":1383,"date":"2021-06-01T17:00:44","date_gmt":"2021-06-01T17:00:44","guid":{"rendered":"https:\/\/chullo.pl\/?post_type=product&#038;p=1383"},"modified":"2025-07-14T10:17:45","modified_gmt":"2025-07-14T10:17:45","slug":"copacabana","status":"publish","type":"product","link":"https:\/\/chullo.pl\/en\/product\/copacabana\/","title":{"rendered":"Ring-band COPACABANA"},"content":{"rendered":"<h4>SPECYFIKACJA<\/h4>\n<p><strong>Sk\u0142ad:<\/strong> 95% TENCEL (wiskoza),\u00a0 5% elastan<br \/>\n<strong>Spos\u00f3b prania:<\/strong> pranie r\u0119czne, maksymalnie w 30%. Nie susz w suszarce \u2013 suszenie tylko na p\u0142asko.<\/p>\n<p><strong>Wymiary: <\/strong>60 x 10 cm materia\u0142u z obu stron, po\u0142\u0105czone k\u00f3\u0142kiem o \u015brednicy 4 cm<\/p>\n<p>Kolor opaski na zdj\u0119ciach mo\u017ce si\u0119 r\u00f3\u017cni\u0107 w zale\u017cno\u015bci od rodzaju ekranu i monitora.<\/p>\n<h5>W PRZYPADKU BRAKU PRODUKTU NA STANIE &#8211; CZAS REALIZACJI ZAM\u00d3WIENIA: 5-10 DNI<\/h5>\n","protected":false},"excerpt":{"rendered":"<p><span style=\"color: #333333;\"><span style=\"font-family: Liberation Serif, serif;\"><span style=\"font-size: medium;\">Ka\u017cda opaska jest szyta na Twoje indywidualne zam\u00f3wienie. <\/span><\/span><\/span><\/p>\n<p><span style=\"color: #333333;\"><span style=\"font-family: Liberation Serif, serif;\"><span style=\"font-size: medium;\">Dwukolorowa opaska po\u0142\u0105czona lekkim, metalowym k\u00f3\u0142kiem, wykonana z wyj\u0105tkowo mi\u0119kkiej i przyjemnej w dotyku dzianiny typu tencel. <\/span><\/span><\/span><\/p>\n<p><span style=\"color: #333333;\"><span style=\"font-family: Liberation Serif, serif;\"><span style=\"font-size: medium;\">Lekki, lej\u0105cy i bardzo dobrze oddychaj\u0105cy materia\u0142 zachwyci najbardziej wymagaj\u0105ce klientki i sprawi , \u017ce nie b\u0119dziecie go ani troch\u0119 czu\u0142y na g\u0142owie.<\/span><\/span><\/span><\/p>\n<p><span style=\"color: #333333;\"><span style=\"font-family: Liberation Serif, serif;\"><span style=\"font-size: medium;\"> Mo\u017cna je nosi\u0107 rozpuszczone, na \u015brodku, z boku, zwi\u0105zane podw\u00f3jnie do g\u00f3ry. Istnieje mn\u00f3stwo sposob\u00f3w i ogranicza was tylko wasza wyobra\u017ania.<\/span><\/span><\/span><\/p>\n<p><strong>USE YOUR IMAGINATION.<\/strong><\/p>\n","protected":false},"featured_media":3501,"template":"","meta":[],"product_cat":[62,116,82],"product_tag":[],"_links":{"self":[{"href":"https:\/\/chullo.pl\/en\/wp-json\/wp\/v3\/product\/1383"}],"collection":[{"href":"https:\/\/chullo.pl\/en\/wp-json\/wp\/v3\/product"}],"about":[{"href":"https:\/\/chullo.pl\/en\/wp-json\/wp\/v2\/types\/product"}],"version-history":[{"count":5,"href":"https:\/\/chullo.pl\/en\/wp-json\/wp\/v3\/product\/1383\/revisions"}],"predecessor-version":[{"id":6621,"href":"https:\/\/chullo.pl\/en\/wp-json\/wp\/v3\/product\/1383\/revisions\/6621"}],"wp:featuredmedia":[{"embeddable":true,"href":"https:\/\/chullo.pl\/en\/wp-json\/wp\/v2\/media\/3501"}],"wp:attachment":[{"href":"https:\/\/chullo.pl\/en\/wp-json\/wp\/v2\/media?parent=1383"}],"wp:term":[{"taxonomy":"product_cat","embeddable":true,"href":"https:\/\/chullo.pl\/en\/wp-json\/wp\/v2\/product_cat?post=1383"},{"taxonomy":"product_tag","embeddable":true,"href":"https:\/\/chullo.pl\/en\/wp-json\/wp\/v2\/product_tag?post=1383"}],"curies":[{"name":"wp","href":"https:\/\/api.w.org\/{rel}","templated":true}]}}