{"id":87,"date":"2020-10-01T11:38:10","date_gmt":"2020-10-01T11:38:10","guid":{"rendered":"https:\/\/chullo.pl\/?page_id=87"},"modified":"2025-09-09T16:44:13","modified_gmt":"2025-09-09T16:44:13","slug":"o-nas","status":"publish","type":"page","link":"https:\/\/chullo.pl\/en\/o-nas\/","title":{"rendered":"About us"},"content":{"rendered":"<div data-elementor-type=\"wp-page\" data-elementor-id=\"87\" class=\"elementor elementor-87\">\n\t\t\t\t\t\t<div class=\"elementor-inner\">\n\t\t\t\t<div class=\"elementor-section-wrap\">\n\t\t\t\t\t\t\t\t\t<section class=\"elementor-section elementor-top-section elementor-element elementor-element-5ec8aba9 elementor-section-boxed elementor-section-height-default elementor-section-height-default\" data-id=\"5ec8aba9\" data-element_type=\"section\" data-settings=\"{&quot;background_background&quot;:&quot;classic&quot;}\">\n\t\t\t\t\t\t\t<div class=\"elementor-background-overlay\"><\/div>\n\t\t\t\t\t\t\t<div class=\"elementor-container elementor-column-gap-no\">\n\t\t\t\t\t\t\t<div class=\"elementor-row\">\n\t\t\t\t\t<div class=\"elementor-column elementor-col-100 elementor-top-column elementor-element elementor-element-27266bb4\" data-id=\"27266bb4\" data-element_type=\"column\">\n\t\t\t<div class=\"elementor-column-wrap elementor-element-populated\">\n\t\t\t\t\t\t\t<div class=\"elementor-widget-wrap\">\n\t\t\t\t\t\t<section class=\"elementor-section elementor-inner-section elementor-element elementor-element-13e6e8fa elementor-section-boxed elementor-section-height-default elementor-section-height-default\" data-id=\"13e6e8fa\" data-element_type=\"section\">\n\t\t\t\t\t\t<div class=\"elementor-container elementor-column-gap-default\">\n\t\t\t\t\t\t\t<div class=\"elementor-row\">\n\t\t\t\t\t<div class=\"elementor-column elementor-col-100 elementor-inner-column elementor-element elementor-element-b168088\" data-id=\"b168088\" data-element_type=\"column\">\n\t\t\t<div class=\"elementor-column-wrap elementor-element-populated\">\n\t\t\t\t\t\t\t<div class=\"elementor-widget-wrap\">\n\t\t\t\t\t\t<div class=\"elementor-element elementor-element-73606dfd elementor-widget elementor-widget-heading\" data-id=\"73606dfd\" data-element_type=\"widget\" data-widget_type=\"heading.default\">\n\t\t\t\t<div class=\"elementor-widget-container\">\n\t\t\t<h2 class=\"elementor-heading-title elementor-size-default\">About us <\/h2>\t\t<\/div>\n\t\t\t\t<\/div>\n\t\t\t\t<div class=\"elementor-element elementor-element-145f0fc1 elementor-widget elementor-widget-text-editor\" data-id=\"145f0fc1\" data-element_type=\"widget\" data-widget_type=\"text-editor.default\">\n\t\t\t\t<div class=\"elementor-widget-container\">\n\t\t\t\t\t\t\t\t<div class=\"elementor-text-editor elementor-clearfix\">\n\t\t\t\t<p>Historia powstania Chullo jest niezwykle ciekawa i dojrzewa\u0142a w nas od kilku lat. Jak to zwykle w \u017cyciu bywa z\u0142o\u017cy\u0142o si\u0119 na ni\u0105 wiele sk\u0142adowych, z kt\u00f3rymi przysz\u0142o nam si\u0119 w przesz\u0142o\u015bci zmierzy\u0107, a\u017c nasta\u0142 ten moment: JAK NIE TERAZ TO KIEDY? Czujemy, \u017ce nasza dojrza\u0142o\u015b\u0107 i poczucie estetyki, mocno ugruntowane i zakorzenione przez rodzic\u00f3w, znajomych i otoczenie, w kt\u00f3rym przysz\u0142o nam dorasta\u0107, daj\u0105 nam si\u0142\u0119 i odwag\u0119 do dzia\u0142ania<\/p>\t\t\t\t\t<\/div>\n\t\t\t\t\t\t<\/div>\n\t\t\t\t<\/div>\n\t\t\t\t\t\t<\/div>\n\t\t\t\t\t<\/div>\n\t\t<\/div>\n\t\t\t\t\t\t\t\t<\/div>\n\t\t\t\t\t<\/div>\n\t\t<\/section>\n\t\t\t\t\t\t<\/div>\n\t\t\t\t\t<\/div>\n\t\t<\/div>\n\t\t\t\t\t\t\t\t<\/div>\n\t\t\t\t\t<\/div>\n\t\t<\/section>\n\t\t\t\t<section class=\"elementor-section elementor-top-section elementor-element elementor-element-6bdb74d7 elementor-section-boxed elementor-section-height-default elementor-section-height-default\" data-id=\"6bdb74d7\" data-element_type=\"section\">\n\t\t\t\t\t\t<div class=\"elementor-container elementor-column-gap-wider\">\n\t\t\t\t\t\t\t<div class=\"elementor-row\">\n\t\t\t\t\t<div class=\"elementor-column elementor-col-100 elementor-top-column elementor-element elementor-element-162bb68d\" data-id=\"162bb68d\" data-element_type=\"column\">\n\t\t\t<div class=\"elementor-column-wrap elementor-element-populated\">\n\t\t\t\t\t\t\t<div class=\"elementor-widget-wrap\">\n\t\t\t\t\t\t<section class=\"elementor-section elementor-inner-section elementor-element elementor-element-2ef9f993 elementor-section-full_width elementor-section-height-default elementor-section-height-default\" data-id=\"2ef9f993\" data-element_type=\"section\">\n\t\t\t\t\t\t<div class=\"elementor-container elementor-column-gap-default\">\n\t\t\t\t\t\t\t<div class=\"elementor-row\">\n\t\t\t\t\t<div class=\"elementor-column elementor-col-50 elementor-inner-column elementor-element elementor-element-4d8c185d\" data-id=\"4d8c185d\" data-element_type=\"column\" data-settings=\"{&quot;background_background&quot;:&quot;classic&quot;}\">\n\t\t\t<div class=\"elementor-column-wrap elementor-element-populated\">\n\t\t\t\t\t<div class=\"elementor-background-overlay\"><\/div>\n\t\t\t\t\t\t\t<div class=\"elementor-widget-wrap\">\n\t\t\t\t\t\t<div class=\"elementor-element elementor-element-741f4106 elementor-widget elementor-widget-heading\" data-id=\"741f4106\" data-element_type=\"widget\" data-widget_type=\"heading.default\">\n\t\t\t\t<div class=\"elementor-widget-container\">\n\t\t\t<h2 class=\"elementor-heading-title elementor-size-default\">Image<\/h2>\t\t<\/div>\n\t\t\t\t<\/div>\n\t\t\t\t\t\t<\/div>\n\t\t\t\t\t<\/div>\n\t\t<\/div>\n\t\t\t\t<div class=\"elementor-column elementor-col-50 elementor-inner-column elementor-element elementor-element-18651841\" data-id=\"18651841\" data-element_type=\"column\">\n\t\t\t<div class=\"elementor-column-wrap elementor-element-populated\">\n\t\t\t\t\t\t\t<div class=\"elementor-widget-wrap\">\n\t\t\t\t\t\t<div class=\"elementor-element elementor-element-16427a2c elementor-widget elementor-widget-heading\" data-id=\"16427a2c\" data-element_type=\"widget\" data-widget_type=\"heading.default\">\n\t\t\t\t<div class=\"elementor-widget-container\">\n\t\t\t<h2 class=\"elementor-heading-title elementor-size-default\">Chullo to my...<\/h2>\t\t<\/div>\n\t\t\t\t<\/div>\n\t\t\t\t<div class=\"elementor-element elementor-element-6c34b93 elementor-widget elementor-widget-text-editor\" data-id=\"6c34b93\" data-element_type=\"widget\" data-widget_type=\"text-editor.default\">\n\t\t\t\t<div class=\"elementor-widget-container\">\n\t\t\t\t\t\t\t\t<div class=\"elementor-text-editor elementor-clearfix\">\n\t\t\t\t<p><span style=\"font-weight: 400;\">Jeste\u015bmy rodzinn\u0105 mark\u0105, kt\u00f3ra tworzy ubrania robione r\u0119cznie \u2013 na drutach i szyde\u0142ku, z naturalnych prz\u0119dz i z pe\u0142nym zaanga\u017cowaniem. Ka\u017cdy projekt powstaje powoli, z dba\u0142o\u015bci\u0105 o detal i jako\u015b\u0107. Wierzymy w warto\u015b\u0107 rzeczy <\/span><b>robionych z sercem<\/b><span style=\"font-weight: 400;\"> \u2013 dlatego nasze swetry i inne dzie\u0142a maj\u0105 nie tylko form\u0119, ale i dusz\u0119. Dziergamy razem. Tworzymy razem.<\/span><b>\u00a0Dla Was<\/b><span style=\"font-weight: 400;\">.<\/span><\/p><p><span style=\"font-weight: 400;\">Tworzymy swetry, bluzki oraz akcesoria na drutach i szyde\u0142ku \u2013 r\u0119cznie, z dba\u0142o\u015bci\u0105 o ka\u017cdy detal i ogromn\u0105 pasj\u0105 do rzemios\u0142a. Pracujemy z naturalnymi prz\u0119dzami: alpak\u0105, merino, kaszmirem, bawe\u0142n\u0105 i lnem, bo zale\u017cy nam na komforcie, trwa\u0142o\u015bci i lekko\u015bci tego, co powstaje w naszych r\u0119kach.<\/span><\/p><p>Ka\u017cdy projekt to efekt wsp\u00f3lnej pracy \u2013 od pierwszego oczka po\u00a0<b>staranne<\/b>\u00a0wyko\u0144czenie. \u0141\u0105czymy klasyczne fasony z delikatnymi wzorami, tworz\u0105c ubrania na lata.<\/p><p>Dziergamy powoli, z sercem i szacunkiem do tradycji. Wierzymy, \u017ce ubrania tworzone r\u0119cznie maj\u0105 swoj\u0105 dusz\u0119 \u2013 s\u0105\u00a0<b>unikalne<\/b>,\u00a0<b>autentyczne<\/b>\u00a0i\u00a0<b>pe\u0142ne ciep\u0142a<\/b>. Takie rzeczy przekazuje si\u0119 dalej. Takie rzeczy si\u0119 zapami\u0119tuje.<\/p><p>Nasze drzwi s\u0105 zawsze otwarte, zapraszamy!<\/p><p><b>Marta<\/b>\u00a0i\u00a0<b>Mirka<\/b><\/p>\t\t\t\t\t<\/div>\n\t\t\t\t\t\t<\/div>\n\t\t\t\t<\/div>\n\t\t\t\t\t\t<\/div>\n\t\t\t\t\t<\/div>\n\t\t<\/div>\n\t\t\t\t\t\t\t\t<\/div>\n\t\t\t\t\t<\/div>\n\t\t<\/section>\n\t\t\t\t\t\t<\/div>\n\t\t\t\t\t<\/div>\n\t\t<\/div>\n\t\t\t\t\t\t\t\t<\/div>\n\t\t\t\t\t<\/div>\n\t\t<\/section>\n\t\t\t\t<section class=\"elementor-section elementor-top-section elementor-element elementor-element-1d77a61 elementor-section-boxed elementor-section-height-default elementor-section-height-default\" data-id=\"1d77a61\" data-element_type=\"section\">\n\t\t\t\t\t\t<div class=\"elementor-container elementor-column-gap-default\">\n\t\t\t\t\t\t\t<div class=\"elementor-row\">\n\t\t\t\t\t<div class=\"elementor-column elementor-col-100 elementor-top-column elementor-element elementor-element-6d36541\" data-id=\"6d36541\" data-element_type=\"column\">\n\t\t\t<div class=\"elementor-column-wrap\">\n\t\t\t\t\t\t\t<div class=\"elementor-widget-wrap\">\n\t\t\t\t\t\t\t\t<\/div>\n\t\t\t\t\t<\/div>\n\t\t<\/div>\n\t\t\t\t\t\t\t\t<\/div>\n\t\t\t\t\t<\/div>\n\t\t<\/section>\n\t\t\t\t\t\t\t\t\t<\/div>\n\t\t\t<\/div>\n\t\t\t\t\t<\/div>","protected":false},"excerpt":{"rendered":"<p>O nas Historia powstania Chullo jest niezwykle ciekawa i dojrzewa\u0142a w nas od kilku lat. Jak to zwykle w \u017cyciu bywa z\u0142o\u017cy\u0142o si\u0119 na ni\u0105 wiele sk\u0142adowych, z kt\u00f3rymi przysz\u0142o nam si\u0119 w przesz\u0142o\u015bci zmierzy\u0107, a\u017c nasta\u0142 ten moment: JAK NIE TERAZ TO KIEDY? Czujemy, \u017ce nasza dojrza\u0142o\u015b\u0107 i poczucie estetyki, mocno ugruntowane i zakorzenione &hellip; <a href=\"https:\/\/chullo.pl\/en\/o-nas\/\" class=\"more-link\">Continue reading <span class=\"screen-reader-text\">About us<\/span><\/a><\/p>","protected":false},"author":1,"featured_media":0,"parent":0,"menu_order":0,"comment_status":"closed","ping_status":"closed","template":"elementor_header_footer","meta":[],"_links":{"self":[{"href":"https:\/\/chullo.pl\/en\/wp-json\/wp\/v2\/pages\/87"}],"collection":[{"href":"https:\/\/chullo.pl\/en\/wp-json\/wp\/v2\/pages"}],"about":[{"href":"https:\/\/chullo.pl\/en\/wp-json\/wp\/v2\/types\/page"}],"author":[{"embeddable":true,"href":"https:\/\/chullo.pl\/en\/wp-json\/wp\/v2\/users\/1"}],"replies":[{"embeddable":true,"href":"https:\/\/chullo.pl\/en\/wp-json\/wp\/v2\/comments?post=87"}],"version-history":[{"count":16,"href":"https:\/\/chullo.pl\/en\/wp-json\/wp\/v2\/pages\/87\/revisions"}],"predecessor-version":[{"id":6733,"href":"https:\/\/chullo.pl\/en\/wp-json\/wp\/v2\/pages\/87\/revisions\/6733"}],"wp:attachment":[{"href":"https:\/\/chullo.pl\/en\/wp-json\/wp\/v2\/media?parent=87"}],"curies":[{"name":"wp","href":"https:\/\/api.w.org\/{rel}","templated":true}]}}