{"id":2620,"date":"2021-09-25T15:09:35","date_gmt":"2021-09-25T15:09:35","guid":{"rendered":"https:\/\/chullo.pl\/chullostage\/?page_id=2620"},"modified":"2023-05-16T17:05:57","modified_gmt":"2023-05-16T17:05:57","slug":"terms","status":"publish","type":"page","link":"https:\/\/chullo.pl\/en\/terms\/","title":{"rendered":"Regulations"},"content":{"rendered":"<div data-elementor-type=\"wp-page\" data-elementor-id=\"2620\" class=\"elementor elementor-2620\">\n\t\t\t\t\t\t<div class=\"elementor-inner\">\n\t\t\t\t<div class=\"elementor-section-wrap\">\n\t\t\t\t\t\t\t\t\t<section class=\"elementor-section elementor-top-section elementor-element elementor-element-2fdb9ba elementor-section-boxed elementor-section-height-default elementor-section-height-default\" data-id=\"2fdb9ba\" data-element_type=\"section\">\n\t\t\t\t\t\t<div class=\"elementor-container elementor-column-gap-default\">\n\t\t\t\t\t\t\t<div class=\"elementor-row\">\n\t\t\t\t\t<div class=\"elementor-column elementor-col-100 elementor-top-column elementor-element elementor-element-35b657f\" data-id=\"35b657f\" data-element_type=\"column\">\n\t\t\t<div class=\"elementor-column-wrap elementor-element-populated\">\n\t\t\t\t\t\t\t<div class=\"elementor-widget-wrap\">\n\t\t\t\t\t\t<div class=\"elementor-element elementor-element-7880505 elementor-widget elementor-widget-heading\" data-id=\"7880505\" data-element_type=\"widget\" data-widget_type=\"heading.default\">\n\t\t\t\t<div class=\"elementor-widget-container\">\n\t\t\t<h2 class=\"elementor-heading-title elementor-size-default\">REGULAMIN SKLEPU CHULLO\n<\/h2>\t\t<\/div>\n\t\t\t\t<\/div>\n\t\t\t\t<div class=\"elementor-element elementor-element-dc04abc elementor-widget elementor-widget-text-editor\" data-id=\"dc04abc\" data-element_type=\"widget\" data-widget_type=\"text-editor.default\">\n\t\t\t\t<div class=\"elementor-widget-container\">\n\t\t\t\t\t\t\t\t<div class=\"elementor-text-editor elementor-clearfix\">\n\t\t\t\t<ol>\n<li>Postanowienia og\u00f3lne\n<p>Poni\u017cej znajdziesz regulamin sklepu internetowego www.chullo.pl, w kt\u00f3rym zawarte zosta\u0142y informacje m.in. o sposobie z\u0142o\u017cenia zam\u00f3wienia i zawarcia umowy sprzeda\u017cy, formach dostawy i p\u0142atno\u015bci dost\u0119pnych w sklepie, procedurze odst\u0105pienia od umowy, czy post\u0119powaniu reklamacyjnym.<br>Sklep nale\u017cy do&nbsp;<span style=\"caret-color: rgb(51, 51, 51); color: rgb(51, 51, 51); font-family: Roboto, sans-serif;\">O!CHULLO MARTA HA\u0141ASA<\/span><span style=\"color: var(--text-color); font-family: var(--tb-text-primary-font);\">&nbsp;ul. FIlipkowskiego 15\/3, 81-578 Gdynia, NIP&nbsp;<\/span><span style=\"caret-color: rgb(51, 51, 51); color: rgb(51, 51, 51); font-family: Roboto, sans-serif;\">5792079415<\/span><span style=\"color: var(--text-color); font-family: var(--tb-text-primary-font);\">, REGON:&nbsp;<\/span><span style=\"caret-color: rgb(51, 51, 51); color: rgb(51, 51, 51); font-family: Roboto, sans-serif;\">524625616<\/span><\/p><p>W ka\u017cdej chwili mo\u017cesz skontaktowa\u0107 si\u0119 z nami, wysy\u0142aj\u0105c wiadomo\u015b\u0107 na adres e-mail<br>kontakt@chullo.pl lub dzwoni\u0105c pod numer +48&nbsp;<span style=\"caret-color: rgb(51, 51, 51); color: rgb(51, 51, 51); font-family: Roboto, sans-serif;\">516021663.<\/span><\/p>\n<p><u>Pozdrawiamy i \u017cyczymy udanych zakup\u00f3w Chullo Team;)<\/u><\/p>\n<\/li>\n<li>Definicje\n<p><b>Sprzedawca<\/b> \u2013 osoba fizyczna prowadz\u0105ca dzia\u0142alno\u015b\u0107 gospodarcz\u0105 pod firm\u0105 Chullo<br><b>Klient <\/b>\u2013 ka\u017cdy podmiot dokonuj\u0105cy zakupu za po\u015brednictwem sklepu<br><b>Shop <\/b>\u2013 sklep internetowy prowadzony przez Sprzedawc\u0119 pod adresem www.chullo.pl<br>Umowa zawarta na odleg\u0142o\u015b\u0107 \u2013 umowa zawarta z Klientem w ramach zorganizowanego<br>systemu zawierania um\u00f3w na odleg\u0142o\u015b\u0107 (w ramach Sklepu), bez jednoczesnej fizycznej<br>obecno\u015bci stron, z wy\u0142\u0105cznym wykorzystaniem jednego lub wi\u0119kszej liczby \u015brodk\u00f3w<br>porozumiewania si\u0119 na odleg\u0142o\u015b\u0107 do chwili zawarcia umowy w\u0142\u0105cznie.<br><b>Regulations <\/b>\u2013 niniejszy regulamin Sklepu.<b><br>Zam\u00f3wienie <\/b>\u2013 o\u015bwiadczenie woli Klienta sk\u0142adane za pomoc\u0105 Formularza Zam\u00f3wienia i<br>zmierzaj\u0105ce bezpo\u015brednio do zawarcia Umowy Sprzeda\u017cy Produktu lub Produkt\u00f3w ze<br>Sprzedawc\u0105.<br><b>Produkt<\/b>\u2013 dost\u0119pna w sklepie rzecz b\u0119d\u0105ca przedmiotem Umowy Sprzeda\u017cy mi\u0119dzy<br>klientem a sprzedaj\u0105cym.<br><b>Umowa sprzeda\u017cy<\/b>\u2013 umowa sprzeda\u017cy produktu zawierana albo zawarta pomi\u0119dzy<br>Klientem a Sprzedawc\u0105 za po\u015brednictwem sklepu internetowego. Przez Umow\u0119<br>Sprzeda\u017cy rozumie si\u0119 te\u017c \u2013 stosownie do cech Produktu- umow\u0119 o \u015bwiadczenie us\u0142ug i<br>umow\u0119 o dzie\u0142o.<\/p>\n<p><\/p>\n<\/li>\n<li>Kontakt ze sprzedawc\u0105\n<p>Nr telefonu : +48&nbsp;<span style=\"caret-color: rgb(51, 51, 51); color: rgb(51, 51, 51); font-family: Roboto, sans-serif;\">516 021 663<\/span><\/p>\n<\/li>\n<li>Sk\u0142adanie zam\u00f3wie\u0144, wysy\u0142ka, okres realizacji zam\u00f3wienia\n<p>Zam\u00f3wienia przyjmowane s\u0105 drog\u0105 mailow\u0105, telefoniczn\u0105 b\u0105d\u017a poprzez poprawnie wype\u0142niony formularz zg\u0142oszeniowy. Zamawia\u0107 mo\u017cna zar\u00f3wno widoczne w sklepie produkty o okre\u015blonych ju\u017c cechach, takich jak rozmiar, kolor czy wz\u00f3r, ale i indywidualne projekty, dostosowywane do gustu klienta. W tym celu nale\u017cy skontaktowa\u0107 si\u0119 z w\u0142a\u015bcicielem sklepu i dokona\u0107 ustalenia wygl\u0105du, rozmiaru a tak\u017ce ceny produktu. Moment z\u0142o\u017cenia zam\u00f3wienia jest momentem zawarcia umowy pomi\u0119dzy Sprzedaj\u0105cym a Klientem i wi\u0105\u017ce si\u0119 z zaakceptowaniem powy\u017cszego regulaminu. Klient zobowi\u0105zuje si\u0119 do przes\u0142ania na konto Sprzedaj\u0105cego um\u00f3wionej uprzednio kwoty . W przypadku wyst\u0105pienie okoliczno\u015bci, kt\u00f3re uniemo\u017cliwiaj\u0105 wykonanie z\u0142o\u017conego ju\u017c zam\u00f3wienia, Sprzedaj\u0105cy zobowi\u0105zany jest do natychmiastowego powiadomienia klienta i zwrotu zap\u0142aconych koszt\u00f3w, pod warunkiem, \u017ce to Sprzedaj\u0105cy ponosi win\u0119 za niemo\u017cno\u015b\u0107 wykonania projektu. Wysy\u0142ka odbywa si\u0119 za po\u015brednictwem In Post (12,99 z\u0142 brutto) lub firmy kurierskiej (14 z\u0142 brutto), w przypadku zakupu powy\u017cej 300 z\u0142 wysy\u0142ka gratis. Czas realizacji zam\u00f3wienia omawiany jest przed dokonaniem p\u0142atno\u015bci i zale\u017cy on od poziomu skomplikowania nowego projektu oraz czasu potrzebnego na jego stworzenie. Jednocze\u015bnie Sprzedaj\u0105cy jest zobowi\u0105zany do wysy\u0142ki produkt\u00f3w w om\u00f3wionym wcze\u015bniej terminie. Je\u015bli z nieprzewidzianych powod\u00f3w przesy\u0142ka op\u00f3\u017ani si\u0119, Sprzedaj\u0105cy ma obowi\u0105zek niezw\u0142ocznie powiadomi\u0107 o tym Klienta.<\/p>\n<\/li>\n<li>Polityka zwrot\u00f3w\n<p>Sklep Chullo akceptuje zwroty bez podania konkretnej przyczyny. Klient ma do tego prawo w terminie do 14 dni od otrzymania przesy\u0142ki. Sprzedawca zastrzega sobie prawo do nie przyjmowania produkt\u00f3w , kt\u00f3re zosta\u0142y przez klienta zniszczone, uszkodzone b\u0105d\u017a w jakikolwiek spos\u00f3b u\u017cytkowane. Koszty odes\u0142ania towaru do sklepu pokrywa Kupuj\u0105cy. Aby dokona\u0107 zwrotu produkt w stanie idealnym nale\u017cy zapakowa\u0107 do odpowiednio zabezpieczonej paczki. Paczk\u0119 nale\u017cy zaadresowa\u0107 na adres:&nbsp;<\/p>\n<p><span style=\"caret-color: rgb(51, 51, 51); color: rgb(51, 51, 51); font-family: Roboto, sans-serif;\">O!CHULLO MARTA HA\u0141ASA<\/span><\/p>\n<p>ul. FIlipkowskiego 15\/3, 81-578 Gdynia<\/p>\n<\/li>\n<li>Reklamacje\n<p>Klient ma prawo do reklamacji towaru wadliwego b\u0105d\u017a niezgodnego z opisem. Procedura reklamacyjna rozpoczyna si\u0119 od zg\u0142oszenia tego faktu mailowo, telefonicznie b\u0105d\u017a pisemnie na adres firmy. Konieczne jest nades\u0142anie zdj\u0119\u0107 pokazuj\u0105ce np. uszkodzenie towaru. Tw\u00f3rca zapewnia rozpatrzenie reklamacji w terminie 14 dni od dnia jej zg\u0142oszenia. W przypadku rozpatrzenia reklamacji na korzy\u015b\u0107 Klienta tw\u00f3rca naprawi lub wymieni reklamowany towar na nowy, pe\u0142nowarto\u015bciowy lub zwr\u00f3ci warto\u015b\u0107 kupionego towaru.<\/p>\n<\/li>\n<li>P\u0142atno\u015bci\n<p>P\u0142atno\u015bci za zakupiony towar nale\u017cy dokona\u0107 na wskazany przez Sprzedaj\u0105cego rachunek bankowy. Istnieje mo\u017cliwo\u015b\u0107 wysy\u0142ki towaru zagranic\u0119. W celu ustalenia szczeg\u00f3\u0142\u00f3w takich jak koszty takiej wysy\u0142ki nale\u017cy skontaktowa\u0107 si\u0119 ze Sprzedawc\u0105.<\/p>\n<\/li>\n<li>Polityka prywatno\u015bci:\n<p>Dane Klient\u00f3w sklepu s\u0105 chronione poprzez Polityk\u0119 Prywatno\u015bci i nie s\u0105 udost\u0119pniane \u017cadnym osobom trzecim. Wykorzystywane s\u0105 wy\u0142\u0105cznie do realizacji zam\u00f3wienia i kontaktu z Kupuj\u0105cym. Korzystanie ze sklepu internetowego www.chullo.pl oznacza akceptacj\u0119 powy\u017cszego Regulaminu i Polityki Prywatno\u015bci. (Wyra\u017cam zgod\u0119 na przetwarzanie moich danych osobowych w rozumieniu ustawy z dnia 29 sierpnia 1997r. o ochronie danych). W sprawach nieuregulowanych powy\u017cszym regulaminem obowi\u0105zuj\u0105 przepisy kodeksu cywilnego i ustawy o ochronie niekt\u00f3rych praw konsument\u00f3w oraz odpowiedzialno\u015bci za szkod\u0119 wyrz\u0105dzon\u0105 przez produkt niebezpieczny z dnia 31 marca 2000 r. Dz.U. nr 22 poz.271). Spory wynikaj\u0105ce ze stosowania niniejszego Regulaminu i w zwi\u0105zku z wykonywaniem zawartych um\u00f3w mi\u0119dzy Sklepem a Klientami, b\u0119d\u0105 rozpatrywane przez S\u0105d w\u0142a\u015bciwy wed\u0142ug przepis\u00f3w o w\u0142a\u015bciwo\u015bci rzeczowej i miejscowej zgodnie z ustaw\u0105 z dnia 17.11.1964 r. Kodeks post\u0119powania cywilnego (Dz.U. nr 43 poz. 296 ze. zm.). Regulamin sklepu internetowego www.chullo.pl wchodzi w \u017cycie z dniem 01.10.2020<\/p>\n<\/li>\n<\/ol>\t\t\t\t\t<\/div>\n\t\t\t\t\t\t<\/div>\n\t\t\t\t<\/div>\n\t\t\t\t\t\t<\/div>\n\t\t\t\t\t<\/div>\n\t\t<\/div>\n\t\t\t\t\t\t\t\t<\/div>\n\t\t\t\t\t<\/div>\n\t\t<\/section>\n\t\t\t\t\t\t\t\t\t<\/div>\n\t\t\t<\/div>\n\t\t\t\t\t<\/div>","protected":false},"excerpt":{"rendered":"<p>REGULAMIN SKLEPU CHULLO Postanowienia og\u00f3lne Poni\u017cej znajdziesz regulamin sklepu internetowego www.chullo.pl, w kt\u00f3rym zawarte zosta\u0142y informacje m.in. o sposobie z\u0142o\u017cenia zam\u00f3wienia i zawarcia umowy sprzeda\u017cy, formach dostawy i p\u0142atno\u015bci dost\u0119pnych w sklepie, procedurze odst\u0105pienia od umowy, czy post\u0119powaniu reklamacyjnym.Sklep nale\u017cy do&nbsp;O!CHULLO MARTA HA\u0141ASA&nbsp;ul. FIlipkowskiego 15\/3, 81-578 Gdynia, NIP&nbsp;5792079415, REGON:&nbsp;524625616 W ka\u017cdej chwili mo\u017cesz skontaktowa\u0107 si\u0119 &hellip; <a href=\"https:\/\/chullo.pl\/en\/terms\/\" class=\"more-link\">Continue reading <span class=\"screen-reader-text\">Regulations<\/span><\/a><\/p>","protected":false},"author":41,"featured_media":0,"parent":0,"menu_order":0,"comment_status":"closed","ping_status":"closed","template":"","meta":[],"_links":{"self":[{"href":"https:\/\/chullo.pl\/en\/wp-json\/wp\/v2\/pages\/2620"}],"collection":[{"href":"https:\/\/chullo.pl\/en\/wp-json\/wp\/v2\/pages"}],"about":[{"href":"https:\/\/chullo.pl\/en\/wp-json\/wp\/v2\/types\/page"}],"author":[{"embeddable":true,"href":"https:\/\/chullo.pl\/en\/wp-json\/wp\/v2\/users\/41"}],"replies":[{"embeddable":true,"href":"https:\/\/chullo.pl\/en\/wp-json\/wp\/v2\/comments?post=2620"}],"version-history":[{"count":7,"href":"https:\/\/chullo.pl\/en\/wp-json\/wp\/v2\/pages\/2620\/revisions"}],"predecessor-version":[{"id":5756,"href":"https:\/\/chullo.pl\/en\/wp-json\/wp\/v2\/pages\/2620\/revisions\/5756"}],"wp:attachment":[{"href":"https:\/\/chullo.pl\/en\/wp-json\/wp\/v2\/media?parent=2620"}],"curies":[{"name":"wp","href":"https:\/\/api.w.org\/{rel}","templated":true}]}}